{"id":17258,"date":"2017-12-18T09:57:41","date_gmt":"2017-12-18T08:57:41","guid":{"rendered":"http:\/\/absolute-referencement.com\/referencement-payant"},"modified":"2025-04-23T10:32:38","modified_gmt":"2025-04-23T08:32:38","slug":"google-adwords-sea-in-french","status":"publish","type":"page","link":"https:\/\/absolute-referencement.com\/french-seo-sea-sem-agency\/google-adwords-sea-in-french","title":{"rendered":"Google Ads SEA in French"},"content":{"rendered":"<section class=\"wpb-content-wrapper\"><p>[vc_row][vc_column][vc_row_inner][vc_column_inner]<div class=\"dt-fancy-separator title-color\" style=\"width: 100%;\"><div class=\"dt-fancy-title\"><span class=\"separator-holder separator-left\"><\/span>Certified agency specialising in Google Ads paid search campaign management<span class=\"separator-holder separator-right\"><\/span><\/div><\/div>[vc_empty_space height=&#8221;15px&#8221;][\/vc_column_inner][\/vc_row_inner][\/vc_column][\/vc_row][vc_row][vc_column][vc_column_text css_animation=&#8221;fadeIn&#8221;]<\/p>\n<h2 style=\"text-align: center;\">Google Ads SEA Agency in France<\/h2>\n<p>[\/vc_column_text][\/vc_column][\/vc_row][vc_row][vc_column][vc_column_text css_animation=&#8221;fadeIn&#8221;]<\/p>\n<h3 style=\"text-align: center;\"><img loading=\"lazy\" decoding=\"async\" class=\"aligncenter wp-image-17581 size-full\" src=\"https:\/\/absolute-referencement.com\/wp-content\/uploads\/referencement-payant-google-ads-uk.png\" alt=\"\" width=\"411\" height=\"101\" \/><\/h3>\n<p>[\/vc_column_text]<div id=\"ultimate-heading-771369ee56bb2bdd0\" class=\"uvc-heading ult-adjust-bottom-margin ultimate-heading-771369ee56bb2bdd0 uvc-7114 \" data-hspacer=\"no_spacer\"  data-halign=\"center\" style=\"text-align:center\"><div class=\"uvc-heading-spacer no_spacer\" style=\"top\"><\/div><div class=\"uvc-main-heading ult-responsive\"  data-ultimate-target='.uvc-heading.ultimate-heading-771369ee56bb2bdd0 h2'  data-responsive-json-new='{\"font-size\":\"\",\"line-height\":\"\"}' ><h2 style=\"font-weight:normal;color:#3b3f4a;\">Absolute Referencement agency is:<\/h2><\/div><\/div>[vc_column_text css_animation=&#8221;fadeIn&#8221;]<\/p>\n<p style=\"text-align: center;\"><strong>A recognised expert for nearly 25 years<br \/>\nWinner of Google&#8217;s 1st prize for Major Advertisers<br \/>\nA Google Partner Agency<br \/>\nWinner of 11 Ads, DoubleClick, Analytics, Microsoft, Yahoo and Bing certifications<br \/>\nBeta version of Ads test campaigns on behalf of Google<br \/>\nA provider of pragmatic, recognised Google training courses<br \/>\nA legal expert applicant<br \/>\n<\/strong><\/p>\n<p>[\/vc_column_text][\/vc_column][\/vc_row][vc_row][vc_column][vc_empty_space]<div id=\"ultimate-heading-515069ee56bb2be0b\" class=\"uvc-heading ult-adjust-bottom-margin ultimate-heading-515069ee56bb2be0b uvc-2671 \" data-hspacer=\"no_spacer\"  data-halign=\"center\" style=\"text-align:center\"><div class=\"uvc-heading-spacer no_spacer\" style=\"top\"><\/div><div class=\"uvc-main-heading ult-responsive\"  data-ultimate-target='.uvc-heading.ultimate-heading-515069ee56bb2be0b h2'  data-responsive-json-new='{\"font-size\":\"\",\"line-height\":\"\"}' ><h2 style=\"font-weight:normal;color:#3b3f4a;\">Our method<\/h2><\/div><\/div>[vc_empty_space][vc_separator style=&#8221;shadow&#8221; border_width=&#8221;10&#8243;][vc_empty_space][\/vc_column][\/vc_row][vc_row][vc_column width=&#8221;1\/4&#8243;][vc_icon icon_fontawesome=&#8221;fa fa-users&#8221; color=&#8221;custom&#8221; background_style=&#8221;rounded&#8221; background_color=&#8221;custom&#8221; size=&#8221;lg&#8221; align=&#8221;center&#8221; css_animation=&#8221;fadeIn&#8221; custom_color=&#8221;#ffffff&#8221; custom_background_color=&#8221;#6eb056&#8243; css=&#8221;.vc_custom_1513587434685{margin-bottom: 10px !important;padding-bottom: 10px !important;}&#8221;][vc_column_text css_animation=&#8221;top-to-bottom&#8221;]<\/p>\n<h4 style=\"text-align: center;\">Make your traffic qualified<\/h4>\n<p>[\/vc_column_text][\/vc_column][vc_column width=&#8221;1\/4&#8243;][vc_icon icon_fontawesome=&#8221;fa fa-bar-chart&#8221; color=&#8221;custom&#8221; background_style=&#8221;rounded&#8221; background_color=&#8221;custom&#8221; size=&#8221;lg&#8221; align=&#8221;center&#8221; css_animation=&#8221;fadeIn&#8221; custom_color=&#8221;#ffffff&#8221; custom_background_color=&#8221;#6eb056&#8243; css=&#8221;.vc_custom_1513587441797{margin-bottom: 10px !important;padding-bottom: 10px !important;}&#8221;][vc_column_text css_animation=&#8221;top-to-bottom&#8221;]<\/p>\n<h4 style=\"text-align: center;\">Maximise your budget<\/h4>\n<p>[\/vc_column_text][\/vc_column][vc_column width=&#8221;1\/4&#8243;][vc_icon icon_fontawesome=&#8221;fa fa-exchange&#8221; color=&#8221;custom&#8221; background_style=&#8221;rounded&#8221; background_color=&#8221;custom&#8221; size=&#8221;lg&#8221; align=&#8221;center&#8221; css_animation=&#8221;fadeIn&#8221; custom_color=&#8221;#ffffff&#8221; custom_background_color=&#8221;#6eb056&#8243; css=&#8221;.vc_custom_1513587449477{margin-bottom: 10px !important;padding-bottom: 10px !important;}&#8221;][vc_column_text css_animation=&#8221;top-to-bottom&#8221;]<\/p>\n<h4 style=\"text-align: center;\">Reduce your customer acquisition costs<\/h4>\n<p>[\/vc_column_text][\/vc_column][vc_column width=&#8221;1\/4&#8243;][vc_icon icon_fontawesome=&#8221;fa fa-pie-chart&#8221; color=&#8221;custom&#8221; background_style=&#8221;rounded&#8221; background_color=&#8221;custom&#8221; size=&#8221;lg&#8221; align=&#8221;center&#8221; css_animation=&#8221;fadeIn&#8221; custom_color=&#8221;#ffffff&#8221; custom_background_color=&#8221;#6eb056&#8243; css=&#8221;.vc_custom_1513587457980{margin-bottom: 10px !important;padding-bottom: 10px !important;}&#8221;][vc_column_text css_animation=&#8221;top-to-bottom&#8221;]<\/p>\n<h4 style=\"text-align: center;\">Diversify your audiences<\/h4>\n<p>[\/vc_column_text][\/vc_column][\/vc_row][vc_row][vc_column][vc_empty_space]<div id=\"ultimate-heading-86769ee56bb2be36\" class=\"uvc-heading ult-adjust-bottom-margin ultimate-heading-86769ee56bb2be36 uvc-5702 \" data-hspacer=\"no_spacer\"  data-halign=\"center\" style=\"text-align:center\"><div class=\"uvc-heading-spacer no_spacer\" style=\"top\"><\/div><div class=\"uvc-main-heading ult-responsive\"  data-ultimate-target='.uvc-heading.ultimate-heading-86769ee56bb2be36 h2'  data-responsive-json-new='{\"font-size\":\"\",\"line-height\":\"\"}' ><h2 style=\"font-weight:normal;color:#3b3f4a;\">The outcome?<\/h2><\/div><div class=\"uvc-sub-heading ult-responsive\"  data-ultimate-target='.uvc-heading.ultimate-heading-86769ee56bb2be36 .uvc-sub-heading '  data-responsive-json-new='{\"font-size\":\"\",\"line-height\":\"\"}'  style=\"font-weight:normal;\"><\/p>\n<h4 style=\"text-align: center;\">A return on investment (ROI) for our customers increasing up to 60%.<\/h4>\n<p><\/div><\/div>[vc_empty_space][vc_separator style=&#8221;shadow&#8221; border_width=&#8221;10&#8243;][vc_empty_space][\/vc_column][\/vc_row][vc_row][vc_column width=&#8221;1\/2&#8243;][vc_single_image image=&#8221;17576&#8243; img_size=&#8221;full&#8221; alignment=&#8221;center&#8221; css_animation=&#8221;fadeIn&#8221;]<div id=\"ultimate-heading-6369ee56bb2be5e\" class=\"uvc-heading ult-adjust-bottom-margin ultimate-heading-6369ee56bb2be5e uvc-4591 \" data-hspacer=\"no_spacer\"  data-halign=\"center\" style=\"text-align:center\"><div class=\"uvc-heading-spacer no_spacer\" style=\"top\"><\/div><div class=\"uvc-main-heading ult-responsive\"  data-ultimate-target='.uvc-heading.ultimate-heading-6369ee56bb2be5e h2'  data-responsive-json-new='{\"font-size\":\"desktop:18px;\",\"line-height\":\"\"}' ><h2 style=\"font-weight:normal;color:#3b3f4a;\">Google Ads paid search: Top visibility at the top of Google's 1st page<\/h2><\/div><\/div>[vc_empty_space][vc_separator style=&#8221;shadow&#8221; border_width=&#8221;10&#8243;][vc_tta_accordion active_section=&#8221;0&#8243; collapsible_all=&#8221;true&#8221;][vc_tta_section title=&#8221;Google Ads Search in detail&#8221; tab_id=&#8221;search&#8221;][vc_column_text css_animation=&#8221;fadeIn&#8221;]<\/p>\n<ul>\n<li>Implementation of a fully segmented account structure<\/li>\n<li>Fine tuning of all targeting options<\/li>\n<li>Choice of primary keywords, long tail and negative keywords<\/li>\n<li>Setting up the different keyword matches<\/li>\n<li>Your ads created by a marketing expert<\/li>\n<li>Setting up ad extensions to optimise your performance<\/li>\n<li>Setting up remarketing<\/li>\n<li>Setting up real time tracking of your conversions and your ROI<\/li>\n<li>Linking your Google Ads and Google Analytics accounts<\/li>\n<\/ul>\n<p>[\/vc_column_text][\/vc_tta_section][\/vc_tta_accordion][vc_separator style=&#8221;shadow&#8221; border_width=&#8221;10&#8243;][\/vc_column][vc_column width=&#8221;1\/2&#8243;][vc_single_image image=&#8221;15873&#8243; img_size=&#8221;full&#8221; alignment=&#8221;center&#8221; css_animation=&#8221;fadeIn&#8221;]<div id=\"ultimate-heading-169169ee56bb2be81\" class=\"uvc-heading ult-adjust-bottom-margin ultimate-heading-169169ee56bb2be81 uvc-1487 \" data-hspacer=\"no_spacer\"  data-halign=\"center\" style=\"text-align:center\"><div class=\"uvc-heading-spacer no_spacer\" style=\"top\"><\/div><div class=\"uvc-main-heading ult-responsive\"  data-ultimate-target='.uvc-heading.ultimate-heading-169169ee56bb2be81 h2'  data-responsive-json-new='{\"font-size\":\"desktop:18px;\",\"line-height\":\"\"}' ><h2 style=\"font-weight:normal;color:#3b3f4a;\">Google Display: Publish textual, illustrated or video ads to Internet users in the decision phase.<\/h2><\/div><\/div>[vc_empty_space][vc_separator style=&#8221;shadow&#8221; border_width=&#8221;10&#8243;][vc_tta_accordion active_section=&#8221;0&#8243; collapsible_all=&#8221;true&#8221;][vc_tta_section title=&#8221;Google Display Network in detail&#8221; tab_id=&#8221;display&#8221;][vc_column_text css_animation=&#8221;fadeIn&#8221;]<\/p>\n<h4 style=\"text-align: center;\">Promote your products<br \/>\nAnd make them visually stand out at the top of Google&#8217;s results page.<\/h4>\n<ul>\n<li>Reach up to 90% of Internet users<\/li>\n<li>Keyword Contextual Targeting<\/li>\n<li>Placement Targeting<\/li>\n<li>Topic Targeting<\/li>\n<li>Targeting by area of interest<\/li>\n<li>Demographic Targeting<\/li>\n<li>Selective Display Campaign<\/li>\n<li>Smart Display Campaign (artificial intelligence)<\/li>\n<li>Implementation of remarketing<\/li>\n<li>Gmail Ads<\/li>\n<li>Conversion tracking<\/li>\n<\/ul>\n<p>[\/vc_column_text][\/vc_tta_section][\/vc_tta_accordion][vc_separator style=&#8221;shadow&#8221; border_width=&#8221;10&#8243;][\/vc_column][\/vc_row][vc_row][vc_column width=&#8221;1\/2&#8243;][vc_single_image image=&#8221;15872&#8243; img_size=&#8221;full&#8221; alignment=&#8221;center&#8221; css_animation=&#8221;fadeIn&#8221;]<div id=\"ultimate-heading-231269ee56bb2bea2\" class=\"uvc-heading ult-adjust-bottom-margin ultimate-heading-231269ee56bb2bea2 uvc-886 \" data-hspacer=\"no_spacer\"  data-halign=\"center\" style=\"text-align:center\"><div class=\"uvc-heading-spacer no_spacer\" style=\"top\"><\/div><div class=\"uvc-main-heading ult-responsive\"  data-ultimate-target='.uvc-heading.ultimate-heading-231269ee56bb2bea2 h2'  data-responsive-json-new='{\"font-size\":\"desktop:18px;\",\"line-height\":\"\"}' ><h2 style=\"font-weight:normal;color:#3b3f4a;\">Shopping: Promote your products by displaying images &amp; prices at the top of the 1st Google page<\/h2><\/div><\/div>[vc_empty_space][vc_separator style=&#8221;shadow&#8221; border_width=&#8221;10&#8243;][vc_tta_accordion active_section=&#8221;0&#8243; collapsible_all=&#8221;true&#8221;][vc_tta_section title=&#8221;Google Shopping in detail&#8221; tab_id=&#8221;shopping&#8221;][vc_column_text css_animation=&#8221;fadeIn&#8221;]<\/p>\n<ul>\n<li>Setting up and managing your Merchant Center account<\/li>\n<li>Expert advice on your feed and its attributes<\/li>\n<li>Creation of segmented campaigns<\/li>\n<li>Fine tuning of campaigns<\/li>\n<li>Implementation of Remarketing\/Dynamic Remarketing campaigns<\/li>\n<li>Creation of ad extensions<\/li>\n<\/ul>\n<p>[\/vc_column_text][\/vc_tta_section][\/vc_tta_accordion][vc_separator style=&#8221;shadow&#8221; border_width=&#8221;10&#8243;][\/vc_column][vc_column width=&#8221;1\/2&#8243;][vc_single_image image=&#8221;15870&#8243; img_size=&#8221;full&#8221; alignment=&#8221;center&#8221; css_animation=&#8221;fadeIn&#8221;]<div id=\"ultimate-heading-117069ee56bb2bec4\" class=\"uvc-heading ult-adjust-bottom-margin ultimate-heading-117069ee56bb2bec4 uvc-5304 \" data-hspacer=\"no_spacer\"  data-halign=\"center\" style=\"text-align:center\"><div class=\"uvc-heading-spacer no_spacer\" style=\"top\"><\/div><div class=\"uvc-main-heading ult-responsive\"  data-ultimate-target='.uvc-heading.ultimate-heading-117069ee56bb2bec4 h2'  data-responsive-json-new='{\"font-size\":\"desktop:18px;\",\"line-height\":\"\"}' ><h2 style=\"font-weight:normal;color:#3b3f4a;\">YouTube: Your adverts' message amplified by the power of YouTube, the world's 2nd largest search engine.<\/h2><\/div><\/div>[vc_empty_space][vc_separator style=&#8221;shadow&#8221; border_width=&#8221;10&#8243;][vc_tta_accordion active_section=&#8221;0&#8243; collapsible_all=&#8221;true&#8221;][vc_tta_section title=&#8221;YouTube in detail&#8221; tab_id=&#8221;youtube&#8221;][vc_column_text css_animation=&#8221;fadeIn&#8221;]<\/p>\n<ul>\n<li>Choice of the best ad formats, including the TrueView format for which you only pay for real views<\/li>\n<li>Creating your campaign<\/li>\n<li>Settings<\/li>\n<li>Implementation of remarketing<\/li>\n<li>Performance and conversion tracking<\/li>\n<\/ul>\n<p>[\/vc_column_text][\/vc_tta_section][\/vc_tta_accordion][vc_separator style=&#8221;shadow&#8221; border_width=&#8221;10&#8243;][\/vc_column][\/vc_row][vc_row][vc_column][vc_empty_space]<div id=\"ultimate-heading-779969ee56bb2bee4\" class=\"uvc-heading ult-adjust-bottom-margin ultimate-heading-779969ee56bb2bee4 uvc-5149 \" data-hspacer=\"no_spacer\"  data-halign=\"center\" style=\"text-align:center\"><div class=\"uvc-heading-spacer no_spacer\" style=\"top\"><\/div><div class=\"uvc-main-heading ult-responsive\"  data-ultimate-target='.uvc-heading.ultimate-heading-779969ee56bb2bee4 h2'  data-responsive-json-new='{\"font-size\":\"\",\"line-height\":\"\"}' ><h2 style=\"font-weight:normal;color:#3b3f4a;\">EMEA Google Award Winner is...<\/h2><\/div><\/div>[vc_empty_space][vc_separator style=&#8221;shadow&#8221; border_width=&#8221;10&#8243;][vc_video link=&#8221;https:\/\/vimeo.com\/605613372&#8243; align=&#8221;center&#8221;][\/vc_column][\/vc_row]<\/p>\n<\/section>","protected":false},"excerpt":{"rendered":"<p>[vc_row][vc_column][vc_row_inner][vc_column_inner][vc_empty_space height=&#8221;15px&#8221;][\/vc_column_inner][\/vc_row_inner][\/vc_column][\/vc_row][vc_row][vc_column][vc_column_text css_animation=&#8221;fadeIn&#8221;] Google Ads SEA Agency in France [\/vc_column_text][\/vc_column][\/vc_row][vc_row][vc_column][vc_column_text css_animation=&#8221;fadeIn&#8221;] [\/vc_column_text][vc_column_text css_animation=&#8221;fadeIn&#8221;] A recognised expert for nearly 25 years Winner of Google&#8217;s 1st prize for Major Advertisers A Google Partner Agency Winner of 11 Ads, DoubleClick, Analytics, Microsoft, Yahoo and Bing certifications Beta version of Ads test campaigns on behalf of Google A provider&hellip;<\/p>\n","protected":false},"author":4,"featured_media":0,"parent":0,"menu_order":0,"comment_status":"closed","ping_status":"closed","template":"","meta":[],"class_list":["post-17258","page","type-page","status-publish","hentry","description-off"],"yoast_head":"<!-- This site is optimized with the Yoast SEO plugin v25.0 - https:\/\/yoast.com\/wordpress\/plugins\/seo\/ -->\n<title>Google Ads, Yahoo Ads &amp; Bing Ads Paid Search: Absolute Referencement<\/title>\n<meta name=\"description\" content=\"Absolute Referencement agency in Paris, France, a recognised agency for more than 25 years. Winner of Google\u2019s 1st prize for Major Advertisers.\" \/>\n<meta name=\"robots\" content=\"index, follow, max-snippet:-1, max-image-preview:large, max-video-preview:-1\" \/>\n<link rel=\"canonical\" href=\"https:\/\/absolute-referencement.com\/french-seo-sea-sem-agency\/google-adwords-sea-in-french\" \/>\n<meta property=\"og:locale\" content=\"en_US\" \/>\n<meta property=\"og:type\" content=\"article\" \/>\n<meta property=\"og:title\" content=\"Google Ads, Yahoo Ads &amp; Bing Ads Paid Search: Absolute Referencement\" \/>\n<meta property=\"og:description\" content=\"Absolute Referencement agency in Paris, France, a recognised agency for more than 25 years. Winner of Google\u2019s 1st prize for Major Advertisers.\" \/>\n<meta property=\"og:url\" content=\"https:\/\/absolute-referencement.com\/french-seo-sea-sem-agency\/google-adwords-sea-in-french\" \/>\n<meta property=\"og:site_name\" content=\"R\u00e9f\u00e9rencement naturel SEO &amp; payant SEA Google Ads : Absolute R\u00e9f\u00e9rencement\" \/>\n<meta property=\"article:modified_time\" content=\"2025-04-23T08:32:38+00:00\" \/>\n<meta property=\"og:image\" content=\"https:\/\/absolute-referencement.com\/wp-content\/uploads\/referencement-payant-google-ads-uk.png\" \/>\n<meta name=\"twitter:card\" content=\"summary_large_image\" \/>\n<meta name=\"twitter:label1\" content=\"Est. reading time\" \/>\n\t<meta name=\"twitter:data1\" content=\"5 minutes\" \/>\n<script type=\"application\/ld+json\" class=\"yoast-schema-graph\">{\"@context\":\"https:\/\/schema.org\",\"@graph\":[{\"@type\":\"WebPage\",\"@id\":\"https:\/\/absolute-referencement.com\/french-seo-sea-sem-agency\/google-adwords-sea-in-french\",\"url\":\"https:\/\/absolute-referencement.com\/french-seo-sea-sem-agency\/google-adwords-sea-in-french\",\"name\":\"Google Ads, Yahoo Ads & Bing Ads Paid Search: Absolute Referencement\",\"isPartOf\":{\"@id\":\"https:\/\/absolute-referencement.com\/french-seo-sea-sem-agency#website\"},\"primaryImageOfPage\":{\"@id\":\"https:\/\/absolute-referencement.com\/french-seo-sea-sem-agency\/google-adwords-sea-in-french#primaryimage\"},\"image\":{\"@id\":\"https:\/\/absolute-referencement.com\/french-seo-sea-sem-agency\/google-adwords-sea-in-french#primaryimage\"},\"thumbnailUrl\":\"https:\/\/absolute-referencement.com\/wp-content\/uploads\/referencement-payant-google-ads-uk.png\",\"datePublished\":\"2017-12-18T08:57:41+00:00\",\"dateModified\":\"2025-04-23T08:32:38+00:00\",\"description\":\"Absolute Referencement agency in Paris, France, a recognised agency for more than 25 years. Winner of Google\u2019s 1st prize for Major Advertisers.\",\"breadcrumb\":{\"@id\":\"https:\/\/absolute-referencement.com\/french-seo-sea-sem-agency\/google-adwords-sea-in-french#breadcrumb\"},\"inLanguage\":\"en-US\",\"potentialAction\":[{\"@type\":\"ReadAction\",\"target\":[\"https:\/\/absolute-referencement.com\/french-seo-sea-sem-agency\/google-adwords-sea-in-french\"]}]},{\"@type\":\"ImageObject\",\"inLanguage\":\"en-US\",\"@id\":\"https:\/\/absolute-referencement.com\/french-seo-sea-sem-agency\/google-adwords-sea-in-french#primaryimage\",\"url\":\"https:\/\/absolute-referencement.com\/wp-content\/uploads\/referencement-payant-google-ads-uk.png\",\"contentUrl\":\"https:\/\/absolute-referencement.com\/wp-content\/uploads\/referencement-payant-google-ads-uk.png\"},{\"@type\":\"BreadcrumbList\",\"@id\":\"https:\/\/absolute-referencement.com\/french-seo-sea-sem-agency\/google-adwords-sea-in-french#breadcrumb\",\"itemListElement\":[{\"@type\":\"ListItem\",\"position\":1,\"name\":\"Accueil\",\"item\":\"https:\/\/absolute-referencement.com\/french-seo-sea-sem-agency\/french-seo-sea-paid-search-agency-paris-france\"},{\"@type\":\"ListItem\",\"position\":2,\"name\":\"Google Ads SEA in French\"}]},{\"@type\":\"WebSite\",\"@id\":\"https:\/\/absolute-referencement.com\/french-seo-sea-sem-agency#website\",\"url\":\"https:\/\/absolute-referencement.com\/french-seo-sea-sem-agency\",\"name\":\"R\u00e9f\u00e9rencement naturel et payant Google Adwords : Absolute R\u00e9f\u00e9rencement, Consultant et formation\",\"description\":\"\",\"publisher\":{\"@id\":\"https:\/\/absolute-referencement.com\/french-seo-sea-sem-agency#organization\"},\"potentialAction\":[{\"@type\":\"SearchAction\",\"target\":{\"@type\":\"EntryPoint\",\"urlTemplate\":\"https:\/\/absolute-referencement.com\/french-seo-sea-sem-agency?s={search_term_string}\"},\"query-input\":{\"@type\":\"PropertyValueSpecification\",\"valueRequired\":true,\"valueName\":\"search_term_string\"}}],\"inLanguage\":\"en-US\"},{\"@type\":\"Organization\",\"@id\":\"https:\/\/absolute-referencement.com\/french-seo-sea-sem-agency#organization\",\"name\":\"R\u00e9f\u00e9rencement naturel et payant Google Adwords : Absolute R\u00e9f\u00e9rencement, Consultant et formation\",\"url\":\"https:\/\/absolute-referencement.com\/french-seo-sea-sem-agency\",\"logo\":{\"@type\":\"ImageObject\",\"inLanguage\":\"en-US\",\"@id\":\"https:\/\/absolute-referencement.com\/french-seo-sea-sem-agency#\/schema\/logo\/image\/\",\"url\":\"https:\/\/absolute-referencement.com\/wp-content\/uploads\/logo_absolute.png\",\"contentUrl\":\"https:\/\/absolute-referencement.com\/wp-content\/uploads\/logo_absolute.png\",\"width\":250,\"height\":70,\"caption\":\"R\u00e9f\u00e9rencement naturel et payant Google Adwords : Absolute R\u00e9f\u00e9rencement, Consultant et formation\"},\"image\":{\"@id\":\"https:\/\/absolute-referencement.com\/french-seo-sea-sem-agency#\/schema\/logo\/image\/\"}}]}<\/script>\n<!-- \/ Yoast SEO plugin. -->","yoast_head_json":{"title":"Google Ads, Yahoo Ads & Bing Ads Paid Search: Absolute Referencement","description":"Absolute Referencement agency in Paris, France, a recognised agency for more than 25 years. Winner of Google\u2019s 1st prize for Major Advertisers.","robots":{"index":"index","follow":"follow","max-snippet":"max-snippet:-1","max-image-preview":"max-image-preview:large","max-video-preview":"max-video-preview:-1"},"canonical":"https:\/\/absolute-referencement.com\/french-seo-sea-sem-agency\/google-adwords-sea-in-french","og_locale":"en_US","og_type":"article","og_title":"Google Ads, Yahoo Ads & Bing Ads Paid Search: Absolute Referencement","og_description":"Absolute Referencement agency in Paris, France, a recognised agency for more than 25 years. Winner of Google\u2019s 1st prize for Major Advertisers.","og_url":"https:\/\/absolute-referencement.com\/french-seo-sea-sem-agency\/google-adwords-sea-in-french","og_site_name":"R\u00e9f\u00e9rencement naturel SEO &amp; payant SEA Google Ads : Absolute R\u00e9f\u00e9rencement","article_modified_time":"2025-04-23T08:32:38+00:00","og_image":[{"url":"https:\/\/absolute-referencement.com\/wp-content\/uploads\/referencement-payant-google-ads-uk.png","type":"","width":"","height":""}],"twitter_card":"summary_large_image","twitter_misc":{"Est. reading time":"5 minutes"},"schema":{"@context":"https:\/\/schema.org","@graph":[{"@type":"WebPage","@id":"https:\/\/absolute-referencement.com\/french-seo-sea-sem-agency\/google-adwords-sea-in-french","url":"https:\/\/absolute-referencement.com\/french-seo-sea-sem-agency\/google-adwords-sea-in-french","name":"Google Ads, Yahoo Ads & Bing Ads Paid Search: Absolute Referencement","isPartOf":{"@id":"https:\/\/absolute-referencement.com\/french-seo-sea-sem-agency#website"},"primaryImageOfPage":{"@id":"https:\/\/absolute-referencement.com\/french-seo-sea-sem-agency\/google-adwords-sea-in-french#primaryimage"},"image":{"@id":"https:\/\/absolute-referencement.com\/french-seo-sea-sem-agency\/google-adwords-sea-in-french#primaryimage"},"thumbnailUrl":"https:\/\/absolute-referencement.com\/wp-content\/uploads\/referencement-payant-google-ads-uk.png","datePublished":"2017-12-18T08:57:41+00:00","dateModified":"2025-04-23T08:32:38+00:00","description":"Absolute Referencement agency in Paris, France, a recognised agency for more than 25 years. Winner of Google\u2019s 1st prize for Major Advertisers.","breadcrumb":{"@id":"https:\/\/absolute-referencement.com\/french-seo-sea-sem-agency\/google-adwords-sea-in-french#breadcrumb"},"inLanguage":"en-US","potentialAction":[{"@type":"ReadAction","target":["https:\/\/absolute-referencement.com\/french-seo-sea-sem-agency\/google-adwords-sea-in-french"]}]},{"@type":"ImageObject","inLanguage":"en-US","@id":"https:\/\/absolute-referencement.com\/french-seo-sea-sem-agency\/google-adwords-sea-in-french#primaryimage","url":"https:\/\/absolute-referencement.com\/wp-content\/uploads\/referencement-payant-google-ads-uk.png","contentUrl":"https:\/\/absolute-referencement.com\/wp-content\/uploads\/referencement-payant-google-ads-uk.png"},{"@type":"BreadcrumbList","@id":"https:\/\/absolute-referencement.com\/french-seo-sea-sem-agency\/google-adwords-sea-in-french#breadcrumb","itemListElement":[{"@type":"ListItem","position":1,"name":"Accueil","item":"https:\/\/absolute-referencement.com\/french-seo-sea-sem-agency\/french-seo-sea-paid-search-agency-paris-france"},{"@type":"ListItem","position":2,"name":"Google Ads SEA in French"}]},{"@type":"WebSite","@id":"https:\/\/absolute-referencement.com\/french-seo-sea-sem-agency#website","url":"https:\/\/absolute-referencement.com\/french-seo-sea-sem-agency","name":"R\u00e9f\u00e9rencement naturel et payant Google Adwords : Absolute R\u00e9f\u00e9rencement, Consultant et formation","description":"","publisher":{"@id":"https:\/\/absolute-referencement.com\/french-seo-sea-sem-agency#organization"},"potentialAction":[{"@type":"SearchAction","target":{"@type":"EntryPoint","urlTemplate":"https:\/\/absolute-referencement.com\/french-seo-sea-sem-agency?s={search_term_string}"},"query-input":{"@type":"PropertyValueSpecification","valueRequired":true,"valueName":"search_term_string"}}],"inLanguage":"en-US"},{"@type":"Organization","@id":"https:\/\/absolute-referencement.com\/french-seo-sea-sem-agency#organization","name":"R\u00e9f\u00e9rencement naturel et payant Google Adwords : Absolute R\u00e9f\u00e9rencement, Consultant et formation","url":"https:\/\/absolute-referencement.com\/french-seo-sea-sem-agency","logo":{"@type":"ImageObject","inLanguage":"en-US","@id":"https:\/\/absolute-referencement.com\/french-seo-sea-sem-agency#\/schema\/logo\/image\/","url":"https:\/\/absolute-referencement.com\/wp-content\/uploads\/logo_absolute.png","contentUrl":"https:\/\/absolute-referencement.com\/wp-content\/uploads\/logo_absolute.png","width":250,"height":70,"caption":"R\u00e9f\u00e9rencement naturel et payant Google Adwords : Absolute R\u00e9f\u00e9rencement, Consultant et formation"},"image":{"@id":"https:\/\/absolute-referencement.com\/french-seo-sea-sem-agency#\/schema\/logo\/image\/"}}]}},"_links":{"self":[{"href":"https:\/\/absolute-referencement.com\/french-seo-sea-sem-agency\/wp-json\/wp\/v2\/pages\/17258","targetHints":{"allow":["GET"]}}],"collection":[{"href":"https:\/\/absolute-referencement.com\/french-seo-sea-sem-agency\/wp-json\/wp\/v2\/pages"}],"about":[{"href":"https:\/\/absolute-referencement.com\/french-seo-sea-sem-agency\/wp-json\/wp\/v2\/types\/page"}],"author":[{"embeddable":true,"href":"https:\/\/absolute-referencement.com\/french-seo-sea-sem-agency\/wp-json\/wp\/v2\/users\/4"}],"replies":[{"embeddable":true,"href":"https:\/\/absolute-referencement.com\/french-seo-sea-sem-agency\/wp-json\/wp\/v2\/comments?post=17258"}],"version-history":[{"count":21,"href":"https:\/\/absolute-referencement.com\/french-seo-sea-sem-agency\/wp-json\/wp\/v2\/pages\/17258\/revisions"}],"predecessor-version":[{"id":24381,"href":"https:\/\/absolute-referencement.com\/french-seo-sea-sem-agency\/wp-json\/wp\/v2\/pages\/17258\/revisions\/24381"}],"wp:attachment":[{"href":"https:\/\/absolute-referencement.com\/french-seo-sea-sem-agency\/wp-json\/wp\/v2\/media?parent=17258"}],"curies":[{"name":"wp","href":"https:\/\/api.w.org\/{rel}","templated":true}]}}