{"id":17266,"date":"2018-12-07T18:00:23","date_gmt":"2018-12-07T17:00:23","guid":{"rendered":"http:\/\/absolute-referencement.com\/referencement-naturel-seo-google-yahoo-bing"},"modified":"2025-04-23T10:18:31","modified_gmt":"2025-04-23T08:18:31","slug":"seo-in-french","status":"publish","type":"page","link":"https:\/\/absolute-referencement.com\/french-seo-sea-sem-agency\/seo-in-french","title":{"rendered":"SEO in French"},"content":{"rendered":"<section class=\"wpb-content-wrapper\"><p>[vc_row][vc_column][vc_row_inner][vc_column_inner]<div class=\"dt-fancy-separator title-color\" style=\"width: 100%;\"><div class=\"dt-fancy-title\"><span class=\"separator-holder separator-left\"><\/span>Google Yahoo &amp; Bing SEO - Search Engine Optimisation<span class=\"separator-holder separator-right\"><\/span><\/div><\/div>[vc_empty_space height=&#8221;15px&#8221;][\/vc_column_inner][\/vc_row_inner][\/vc_column][\/vc_row][vc_row][vc_column][vc_column_text]<\/p>\n<h2>The challenges of Google, Yahoo! &amp; Bing SEO<\/h2>\n<p>[\/vc_column_text][vc_single_image image=&#8221;17700&#8243; img_size=&#8221;full&#8221;][vc_column_text]In a medium and long term perspective, the work of your SEO &#8211; Search Engine Optimisation is an essential step that will enable your site, whatever its content, to ensure a presence at the top of the organic results of search engines and in particular Google. Never lose sight of the fact that SEO Traffic is by far the most economical acquisition channel and therefore a traffic vector as important as it is profitable.<\/p>\n<p>The challenges of SEO or Search Engine Optimization are essential, both for VSE\/SMEs as well as for groups or institutions. The Google Analytics graph above perfectly illustrates the inversion of a desperately linear traffic curve. <strong>The inflection point results from our SEO redesign action on the website of a major account.<\/strong>[\/vc_column_text][vc_empty_space height=&#8221;15px&#8221;][\/vc_column][\/vc_row][vc_row][vc_column]<div id=\"advanced-tabs-desc-wrap-2213\" class=\"ult_tabs \" style=\" \" data-tabsstyle=\"style3\"\r\n data-titlebg=\"#dab9b8\" data-titlecolor=\"#ffffff\" data-fullheight=\"off\"\r\n data-titlehoverbg=\"#7e3675\" data-titlehovercolor=\"#ffffff\"\r\n data-rotatetabs=\"0\" data-responsivemode=\"Both\" data-animation=\"Slide\"\r\ndata-activetitle=\"#ffffff\" data-activeicon=\"#ffffff\" data-activebg=\"#7e3675\"  data-respmode=\"Tabs\" data-respwidth=\"400\" data-scroll = \"on\"><ul id=advanced-tabs-wrap-6089 class=\"ult_tabmenu style3 \" style=\"\"><li class=\"ult_tab_li  \" data-iconcolor=\"#ffffff\" data-iconhover=\"#ffffff\" style=\"background-color:#dab9b8;border-color:transparent;border-width:0px;border-style:solid;border-top-left-radius:8px;\">\r\n\t\t\t\t\t<a href=\"#fe0020cf-9108-39584-0f99\" id=\"fe0020cf-9108-39584-0f99\" style=\"color:#ffffff;;  \" class=\"ult_a  \">\r\n\t\t\t\t\t     <span class=\"ult_tab_main Both\">\r\n\t\t\t\t\t      <span class=\"ult_tab_section\">\r\n\t\t\t\t\t\t   <span class=\"aio-icon none ult_tab_iconleft\" style=\"color:#ffffff;font-size:15px;\">\r\n\t\t\t\t\t\t   <i class=\"  Defaults-info-circle ult_tab_icon\"  ><\/i>\r\n\t\t\t\t\t\t   <\/span>\r\n\t\t\t\t\t\t   <span  data-ultimate-target='#advanced-tabs-wrap-6089 .ult-span-text'  data-responsive-json-new='{\"font-size\":\"desktop:15px;\",\"line-height\":\"\"}'  class=\"ult-span-text ult-responsive\" style=\"\">Find out more<\/span>\r\n\t\t\t\t\t\t    <\/span >\r\n\t\t\t\t\t\t<\/span>\r\n\t\t\t\t\t<\/a>\r\n\t\t\t\t\t<\/li><li class=\"ult_tab_li  \" data-iconcolor=\"#ffffff\" data-iconhover=\"#ffffff\" style=\"background-color:#dab9b8;border-color:transparent;border-width:0px;border-style:solid;border-top-right-radius:8px;\">\r\n\t\t\t\t\t<a href=\"#1489140869287-2-109584-0f99\" id=\"1489140869287-2-109584-0f99\" style=\"color:#ffffff;;  \" class=\"ult_a  \">\r\n\t\t\t\t\t     <span class=\"ult_tab_main Both\">\r\n\t\t\t\t\t      <span class=\"ult_tab_section\">\r\n\t\t\t\t\t\t   <span class=\"aio-icon none ult_tab_iconleft\" style=\"color:#ffffff;font-size:15px;\">\r\n\t\t\t\t\t\t   <i class=\"  Defaults-th-list ult_tab_icon\"  ><\/i>\r\n\t\t\t\t\t\t   <\/span>\r\n\t\t\t\t\t\t   <span  data-ultimate-target='#advanced-tabs-wrap-6089 .ult-span-text'  data-responsive-json-new='{\"font-size\":\"desktop:15px;\",\"line-height\":\"\"}'  class=\"ult-span-text ult-responsive\" style=\"\">Solutions &amp; rates<\/span>\r\n\t\t\t\t\t\t    <\/span >\r\n\t\t\t\t\t\t<\/span>\r\n\t\t\t\t\t<\/a>\r\n\t\t\t\t\t<\/li><\/ul><div  data-ultimate-target='#advanced-tabs-desc-wrap-2213 .ult_tabcontent .ult_tab_min_contain  p'  data-responsive-json-new='{\"font-size\":\"\",\"line-height\":\"\"}' class=\"ult_tabcontent ult-responsive style3\" style=\"color:#74777b;\"><div class=\"ult_tab_min_contain \" >\n\t\t\t<div  class=\"ult_tabitemname\"  >\n\t\t\t\t[vc_column_text]In a medium and long term perspective, the work of your SEO &#8211; Search Engine Optimisation is an essential step that will enable your site, whatever its content, to ensure a presence at the top of the organic results of search engines and in particular Google. Never lose sight of the fact that SEO Traffic is by far the most economical acquisition channel and therefore a traffic vector as important as it is profitable.<\/p>\n<p>The challenges of SEO, Search Engine Optimisation are essential, both for VSE\/SMEs as well as for groups or institutions. The Google Analytics graph above perfectly illustrates the inversion of a desperately linear traffic curve. The inflection point results from our SEO redesign action on the website of a major account.<\/p>\n<p>Search Engine Optimisation brings together all the actions that improve a site&#8217;s positioning in search engines and therefore its visibility. The direct consequence will be an increase in qualified traffic.<\/p>\n<p>These results have been obtained thanks to a meticulous effort to optimise a set of detail points that will ensure excellent SEO. The role of an excellent SEO project manager is to highlight all the blocking factors.<\/p>\n<p>Kamel Malek, head of the SEO department, is a very experienced SEO consultant. Thanks to his almost 20 years of experience within the major groups, he has worked on the most complex sites and the most demanding files.<br \/>\nConsidered as one of the 10 SEO references in the French-speaking world, his SEO techniques are purely &#8220;white hat&#8221;. Thus, the signals sent to Google are always positive in order to help the search engine enhance your content. The approach is thus intended to be long-lasting and is akin to being hand-crafted, which for you is the guarantee of a successful and accomplished project.<\/p>\n<p>&nbsp;<\/p>\n<h3>The SEO Absolute Referencement solution<\/h3>\n<p>A structured, proven methodology with the following main steps :<\/p>\n<ul>\n<li>A benchmark of the competition<\/li>\n<li>An audit of your site&#8217;s visibility<\/li>\n<li>Structural analysis<\/li>\n<li>Analysis of page types<\/li>\n<li>Development of semantic fields<\/li>\n<li>Defining an SEO strategy<\/li>\n<li>Requirements for tags<\/li>\n<li>Editorial study<\/li>\n<li>SEO assistance &amp; follow-up<\/li>\n<\/ul>\n<p>[\/vc_column_text]\n\t\t\t<\/div>\n\t\t\t<div  class=\"ult_tabitemname\"  >\n\t\t\t\t<div id=\"highlight-box-wrap-9617\"  data-ultimate-target='#highlight-box-wrap-9617'  data-responsive-json-new='{\"font-size\":\"desktop:18px;\",\"line-height\":\"desktop:22px;\"}'  class=\"ultimate-call-to-action ult-adjust-bottom-margin  ctaction-text-center ult-responsive\" style=\"font-weight:normal;color:#7e3675;background:#ffffff;padding-top:8px;padding-bottom:8px;\"  data-background=\"#ffffff\"  data-background-hover=\"#ffffff\"  data-override=\"0\" ><div class=\"uvc-ctaction-data uvc-ctaction-data-no-effect ult-responsive\">Tailor-made solution for VSEs &amp; SMEs from \u20ac150 \/ month<br \/>\nTailor-made solution for E-commerce website from \u20ac300 \/ month<br \/>\nTailor-made solution for Key Accounts &amp; Institutions from \u20ac400 \/ month<\/p>\n<p>Our services can be offered with integrated, ready to use recommendations and optimisations<\/div><\/div>\n\t\t\t<\/div><\/div><\/div><\/div><div class=\"ult_acord\">\r\n   <div class=\"ult-tabto-accordion \" style=\"width:;\"\r\n    data-titlecolor=\"#ffffff\"  data-titlebg=\"#dab9b8\"\r\n     data-titlehoverbg=\"#7e3675\" data-titlehovercolor=\"#ffffff\" data-animation=\"Slide\"\r\n     data-activetitle=\"#ffffff\" data-activeicon=\"#ffffff\" data-activebg=\"#7e3675\" data-scroll = \"on\" >\r\n     <dl><dt class=\"\">\r\n        \t<a class=\"ult-tabto-actitle withBorder ult_a\"  id=\"fe0020cf-9108-39584-0f99\" style=\"color:#ffffff;;background-color:#dab9b8;border-bottom-color:transparent;border-bottom-width:0px;border-bottom-style:solid;\" href=\"#fe0020cf-9108-39584-0f99\">\r\n        \t\t<i class=\"accordion-icon\">+<\/i>\r\n        \t\t\t<span class=\"ult_tab_main ult_ac_mainBoth\">\r\n\t\t\t\t\t   <div class=\"aio-icon none \" style=\"color:#ffffff;font-size:15px;\" data-iconcolor=\"#ffffff\" data-iconhover=\"#ffffff\">\r\n\t\t\t\t\t   <i class=\"  Defaults-info-circle ult_tab_icon\"  ><\/i>\r\n\t\t\t\t\t   <\/div>\r\n\t\t\t\t\t<span  data-ultimate-target='#advanced-tabs-wrap-6089 .ult-span-text'  data-responsive-json-new='{\"font-size\":\"desktop:15px;\",\"line-height\":\"\"}'  class=\"ult-span-text ult_acordian-text ult-responsive\" style=\";color:inherit \" >Find out more<\/span>\r\n\t\t\t\t\t<\/span><\/a><\/dt>\r\n            \t\t<dd class=\"ult-tabto-accordionItem ult-tabto-accolapsed\">\r\n\t\t\t            <div class=\"ult-tabto-acontent\" style=\"color:#74777b;\">\r\n\t\t\t               [vc_column_text]In a medium and long term perspective, the work of your SEO &#8211; Search Engine Optimisation is an essential step that will enable your site, whatever its content, to ensure a presence at the top of the organic results of search engines and in particular Google. Never lose sight of the fact that SEO Traffic is by far the most economical acquisition channel and therefore a traffic vector as important as it is profitable.<\/p>\n<p>The challenges of SEO, Search Engine Optimisation are essential, both for VSE\/SMEs as well as for groups or institutions. The Google Analytics graph above perfectly illustrates the inversion of a desperately linear traffic curve. The inflection point results from our SEO redesign action on the website of a major account.<\/p>\n<p>Search Engine Optimisation brings together all the actions that improve a site&#8217;s positioning in search engines and therefore its visibility. The direct consequence will be an increase in qualified traffic.<\/p>\n<p>These results have been obtained thanks to a meticulous effort to optimise a set of detail points that will ensure excellent SEO. The role of an excellent SEO project manager is to highlight all the blocking factors.<\/p>\n<p>Kamel Malek, head of the SEO department, is a very experienced SEO consultant. Thanks to his almost 20 years of experience within the major groups, he has worked on the most complex sites and the most demanding files.<br \/>\nConsidered as one of the 10 SEO references in the French-speaking world, his SEO techniques are purely &#8220;white hat&#8221;. Thus, the signals sent to Google are always positive in order to help the search engine enhance your content. The approach is thus intended to be long-lasting and is akin to being hand-crafted, which for you is the guarantee of a successful and accomplished project.<\/p>\n<p>&nbsp;<\/p>\n<h3>The SEO Absolute Referencement solution<\/h3>\n<p>A structured, proven methodology with the following main steps :<\/p>\n<ul>\n<li>A benchmark of the competition<\/li>\n<li>An audit of your site&#8217;s visibility<\/li>\n<li>Structural analysis<\/li>\n<li>Analysis of page types<\/li>\n<li>Development of semantic fields<\/li>\n<li>Defining an SEO strategy<\/li>\n<li>Requirements for tags<\/li>\n<li>Editorial study<\/li>\n<li>SEO assistance &amp; follow-up<\/li>\n<\/ul>\n<p>[\/vc_column_text]\r\n\t\t\t            <\/div>\r\n        \t<\/dd><dt class=\"\">\r\n        \t<a class=\"ult-tabto-actitle withBorder ult_a\"  id=\"1489140869287-2-109584-0f99\" style=\"color:#ffffff;;background-color:#dab9b8;border-bottom-color:transparent;border-bottom-width:0px;border-bottom-style:solid;border-bottom-color:transparent;border-bottom-width:0px;border-bottom-style:solid;\" href=\"#1489140869287-2-109584-0f99\">\r\n        \t\t<i class=\"accordion-icon\">+<\/i>\r\n        \t\t\t<span class=\"ult_tab_main ult_ac_mainBoth\">\r\n\t\t\t\t\t   <div class=\"aio-icon none \" style=\"color:#ffffff;font-size:15px;\" data-iconcolor=\"#ffffff\" data-iconhover=\"#ffffff\">\r\n\t\t\t\t\t   <i class=\"  Defaults-th-list ult_tab_icon\"  ><\/i>\r\n\t\t\t\t\t   <\/div>\r\n\t\t\t\t\t<span  data-ultimate-target='#advanced-tabs-wrap-6089 .ult-span-text'  data-responsive-json-new='{\"font-size\":\"desktop:15px;\",\"line-height\":\"\"}'  class=\"ult-span-text ult_acordian-text ult-responsive\" style=\";color:inherit \" >Solutions &amp; rates<\/span>\r\n\t\t\t\t\t<\/span><\/a><\/dt>\r\n            \t\t<dd class=\"ult-tabto-accordionItem ult-tabto-accolapsed\">\r\n\t\t\t            <div class=\"ult-tabto-acontent\" style=\"color:#74777b;\">\r\n\t\t\t               <div id=\"highlight-box-wrap-3265\"  data-ultimate-target='#highlight-box-wrap-3265'  data-responsive-json-new='{\"font-size\":\"desktop:18px;\",\"line-height\":\"desktop:22px;\"}'  class=\"ultimate-call-to-action ult-adjust-bottom-margin  ctaction-text-center ult-responsive\" style=\"font-weight:normal;color:#7e3675;background:#ffffff;padding-top:8px;padding-bottom:8px;\"  data-background=\"#ffffff\"  data-background-hover=\"#ffffff\"  data-override=\"0\" ><div class=\"uvc-ctaction-data uvc-ctaction-data-no-effect ult-responsive\">Tailor-made solution for VSEs &amp; SMEs from \u20ac150 \/ month<br \/>\nTailor-made solution for E-commerce website from \u20ac300 \/ month<br \/>\nTailor-made solution for Key Accounts &amp; Institutions from \u20ac400 \/ month<\/p>\n<p>Our services can be offered with integrated, ready to use recommendations and optimisations<\/div><\/div>\r\n\t\t\t            <\/div>\r\n        \t<\/dd>\r\n    \t<\/dl>\r\n    <!--<div class=\"extraborder\" style=\"background-color:#7e3675\"><\/div>-->\r\n<\/div>\r\n\r\n<\/div>[\/vc_column][\/vc_row]<\/p>\n<\/section>","protected":false},"excerpt":{"rendered":"<p>[vc_row][vc_column][vc_row_inner][vc_column_inner][vc_empty_space height=&#8221;15px&#8221;][\/vc_column_inner][\/vc_row_inner][\/vc_column][\/vc_row][vc_row][vc_column][vc_column_text] The challenges of Google, Yahoo! &amp; Bing SEO [\/vc_column_text][vc_single_image image=&#8221;17700&#8243; img_size=&#8221;full&#8221;][vc_column_text]In a medium and long term perspective, the work of your SEO &#8211; Search Engine Optimisation is an essential step that will enable your site, whatever its content, to ensure a presence at the top of the organic results of search engines and&hellip;<\/p>\n","protected":false},"author":4,"featured_media":0,"parent":0,"menu_order":0,"comment_status":"closed","ping_status":"closed","template":"","meta":[],"class_list":["post-17266","page","type-page","status-publish","hentry","description-off"],"yoast_head":"<!-- This site is optimized with the Yoast SEO plugin v25.0 - https:\/\/yoast.com\/wordpress\/plugins\/seo\/ -->\n<title>French SEO Google, Yahoo &amp; Bing Expert: Absolute Referencement<\/title>\n<meta name=\"description\" content=\"For more than 25 years, Absolute Referencement, SEO agency, has been positioning its clients at the top of Google&#039;s natural results.\" \/>\n<meta name=\"robots\" content=\"index, follow, max-snippet:-1, max-image-preview:large, max-video-preview:-1\" \/>\n<link rel=\"canonical\" href=\"https:\/\/absolute-referencement.com\/french-seo-sea-sem-agency\/seo-in-french\" \/>\n<meta property=\"og:locale\" content=\"en_US\" \/>\n<meta property=\"og:type\" content=\"article\" \/>\n<meta property=\"og:title\" content=\"French SEO Google, Yahoo &amp; Bing Expert: Absolute Referencement\" \/>\n<meta property=\"og:description\" content=\"For more than 25 years, Absolute Referencement, SEO agency, has been positioning its clients at the top of Google&#039;s natural results.\" \/>\n<meta property=\"og:url\" content=\"https:\/\/absolute-referencement.com\/french-seo-sea-sem-agency\/seo-in-french\" \/>\n<meta property=\"og:site_name\" content=\"R\u00e9f\u00e9rencement naturel SEO &amp; payant SEA Google Ads : Absolute R\u00e9f\u00e9rencement\" \/>\n<meta property=\"article:modified_time\" content=\"2025-04-23T08:18:31+00:00\" \/>\n<meta property=\"og:image\" content=\"https:\/\/absolute-referencement.com\/wp-content\/uploads\/logo_absolute-referencement.jpg\" \/>\n<meta name=\"twitter:card\" content=\"summary_large_image\" \/>\n<meta name=\"twitter:label1\" content=\"Est. reading time\" \/>\n\t<meta name=\"twitter:data1\" content=\"4 minutes\" \/>\n<script type=\"application\/ld+json\" class=\"yoast-schema-graph\">{\"@context\":\"https:\/\/schema.org\",\"@graph\":[{\"@type\":\"WebPage\",\"@id\":\"https:\/\/absolute-referencement.com\/french-seo-sea-sem-agency\/seo-in-french\",\"url\":\"https:\/\/absolute-referencement.com\/french-seo-sea-sem-agency\/seo-in-french\",\"name\":\"French SEO Google, Yahoo & Bing Expert: Absolute Referencement\",\"isPartOf\":{\"@id\":\"https:\/\/absolute-referencement.com\/french-seo-sea-sem-agency#website\"},\"datePublished\":\"2018-12-07T17:00:23+00:00\",\"dateModified\":\"2025-04-23T08:18:31+00:00\",\"description\":\"For more than 25 years, Absolute Referencement, SEO agency, has been positioning its clients at the top of Google's natural results.\",\"breadcrumb\":{\"@id\":\"https:\/\/absolute-referencement.com\/french-seo-sea-sem-agency\/seo-in-french#breadcrumb\"},\"inLanguage\":\"en-US\",\"potentialAction\":[{\"@type\":\"ReadAction\",\"target\":[\"https:\/\/absolute-referencement.com\/french-seo-sea-sem-agency\/seo-in-french\"]}]},{\"@type\":\"BreadcrumbList\",\"@id\":\"https:\/\/absolute-referencement.com\/french-seo-sea-sem-agency\/seo-in-french#breadcrumb\",\"itemListElement\":[{\"@type\":\"ListItem\",\"position\":1,\"name\":\"Accueil\",\"item\":\"https:\/\/absolute-referencement.com\/french-seo-sea-sem-agency\/french-seo-sea-paid-search-agency-paris-france\"},{\"@type\":\"ListItem\",\"position\":2,\"name\":\"SEO in French\"}]},{\"@type\":\"WebSite\",\"@id\":\"https:\/\/absolute-referencement.com\/french-seo-sea-sem-agency#website\",\"url\":\"https:\/\/absolute-referencement.com\/french-seo-sea-sem-agency\",\"name\":\"R\u00e9f\u00e9rencement naturel et payant Google Adwords : Absolute R\u00e9f\u00e9rencement, Consultant et formation\",\"description\":\"\",\"publisher\":{\"@id\":\"https:\/\/absolute-referencement.com\/french-seo-sea-sem-agency#organization\"},\"potentialAction\":[{\"@type\":\"SearchAction\",\"target\":{\"@type\":\"EntryPoint\",\"urlTemplate\":\"https:\/\/absolute-referencement.com\/french-seo-sea-sem-agency?s={search_term_string}\"},\"query-input\":{\"@type\":\"PropertyValueSpecification\",\"valueRequired\":true,\"valueName\":\"search_term_string\"}}],\"inLanguage\":\"en-US\"},{\"@type\":\"Organization\",\"@id\":\"https:\/\/absolute-referencement.com\/french-seo-sea-sem-agency#organization\",\"name\":\"R\u00e9f\u00e9rencement naturel et payant Google Adwords : Absolute R\u00e9f\u00e9rencement, Consultant et formation\",\"url\":\"https:\/\/absolute-referencement.com\/french-seo-sea-sem-agency\",\"logo\":{\"@type\":\"ImageObject\",\"inLanguage\":\"en-US\",\"@id\":\"https:\/\/absolute-referencement.com\/french-seo-sea-sem-agency#\/schema\/logo\/image\/\",\"url\":\"https:\/\/absolute-referencement.com\/wp-content\/uploads\/logo_absolute.png\",\"contentUrl\":\"https:\/\/absolute-referencement.com\/wp-content\/uploads\/logo_absolute.png\",\"width\":250,\"height\":70,\"caption\":\"R\u00e9f\u00e9rencement naturel et payant Google Adwords : Absolute R\u00e9f\u00e9rencement, Consultant et formation\"},\"image\":{\"@id\":\"https:\/\/absolute-referencement.com\/french-seo-sea-sem-agency#\/schema\/logo\/image\/\"}}]}<\/script>\n<!-- \/ Yoast SEO plugin. -->","yoast_head_json":{"title":"French SEO Google, Yahoo & Bing Expert: Absolute Referencement","description":"For more than 25 years, Absolute Referencement, SEO agency, has been positioning its clients at the top of Google's natural results.","robots":{"index":"index","follow":"follow","max-snippet":"max-snippet:-1","max-image-preview":"max-image-preview:large","max-video-preview":"max-video-preview:-1"},"canonical":"https:\/\/absolute-referencement.com\/french-seo-sea-sem-agency\/seo-in-french","og_locale":"en_US","og_type":"article","og_title":"French SEO Google, Yahoo & Bing Expert: Absolute Referencement","og_description":"For more than 25 years, Absolute Referencement, SEO agency, has been positioning its clients at the top of Google's natural results.","og_url":"https:\/\/absolute-referencement.com\/french-seo-sea-sem-agency\/seo-in-french","og_site_name":"R\u00e9f\u00e9rencement naturel SEO &amp; payant SEA Google Ads : Absolute R\u00e9f\u00e9rencement","article_modified_time":"2025-04-23T08:18:31+00:00","og_image":[{"url":"https:\/\/absolute-referencement.com\/wp-content\/uploads\/logo_absolute-referencement.jpg","type":"","width":"","height":""}],"twitter_card":"summary_large_image","twitter_misc":{"Est. reading time":"4 minutes"},"schema":{"@context":"https:\/\/schema.org","@graph":[{"@type":"WebPage","@id":"https:\/\/absolute-referencement.com\/french-seo-sea-sem-agency\/seo-in-french","url":"https:\/\/absolute-referencement.com\/french-seo-sea-sem-agency\/seo-in-french","name":"French SEO Google, Yahoo & Bing Expert: Absolute Referencement","isPartOf":{"@id":"https:\/\/absolute-referencement.com\/french-seo-sea-sem-agency#website"},"datePublished":"2018-12-07T17:00:23+00:00","dateModified":"2025-04-23T08:18:31+00:00","description":"For more than 25 years, Absolute Referencement, SEO agency, has been positioning its clients at the top of Google's natural results.","breadcrumb":{"@id":"https:\/\/absolute-referencement.com\/french-seo-sea-sem-agency\/seo-in-french#breadcrumb"},"inLanguage":"en-US","potentialAction":[{"@type":"ReadAction","target":["https:\/\/absolute-referencement.com\/french-seo-sea-sem-agency\/seo-in-french"]}]},{"@type":"BreadcrumbList","@id":"https:\/\/absolute-referencement.com\/french-seo-sea-sem-agency\/seo-in-french#breadcrumb","itemListElement":[{"@type":"ListItem","position":1,"name":"Accueil","item":"https:\/\/absolute-referencement.com\/french-seo-sea-sem-agency\/french-seo-sea-paid-search-agency-paris-france"},{"@type":"ListItem","position":2,"name":"SEO in French"}]},{"@type":"WebSite","@id":"https:\/\/absolute-referencement.com\/french-seo-sea-sem-agency#website","url":"https:\/\/absolute-referencement.com\/french-seo-sea-sem-agency","name":"R\u00e9f\u00e9rencement naturel et payant Google Adwords : Absolute R\u00e9f\u00e9rencement, Consultant et formation","description":"","publisher":{"@id":"https:\/\/absolute-referencement.com\/french-seo-sea-sem-agency#organization"},"potentialAction":[{"@type":"SearchAction","target":{"@type":"EntryPoint","urlTemplate":"https:\/\/absolute-referencement.com\/french-seo-sea-sem-agency?s={search_term_string}"},"query-input":{"@type":"PropertyValueSpecification","valueRequired":true,"valueName":"search_term_string"}}],"inLanguage":"en-US"},{"@type":"Organization","@id":"https:\/\/absolute-referencement.com\/french-seo-sea-sem-agency#organization","name":"R\u00e9f\u00e9rencement naturel et payant Google Adwords : Absolute R\u00e9f\u00e9rencement, Consultant et formation","url":"https:\/\/absolute-referencement.com\/french-seo-sea-sem-agency","logo":{"@type":"ImageObject","inLanguage":"en-US","@id":"https:\/\/absolute-referencement.com\/french-seo-sea-sem-agency#\/schema\/logo\/image\/","url":"https:\/\/absolute-referencement.com\/wp-content\/uploads\/logo_absolute.png","contentUrl":"https:\/\/absolute-referencement.com\/wp-content\/uploads\/logo_absolute.png","width":250,"height":70,"caption":"R\u00e9f\u00e9rencement naturel et payant Google Adwords : Absolute R\u00e9f\u00e9rencement, Consultant et formation"},"image":{"@id":"https:\/\/absolute-referencement.com\/french-seo-sea-sem-agency#\/schema\/logo\/image\/"}}]}},"_links":{"self":[{"href":"https:\/\/absolute-referencement.com\/french-seo-sea-sem-agency\/wp-json\/wp\/v2\/pages\/17266","targetHints":{"allow":["GET"]}}],"collection":[{"href":"https:\/\/absolute-referencement.com\/french-seo-sea-sem-agency\/wp-json\/wp\/v2\/pages"}],"about":[{"href":"https:\/\/absolute-referencement.com\/french-seo-sea-sem-agency\/wp-json\/wp\/v2\/types\/page"}],"author":[{"embeddable":true,"href":"https:\/\/absolute-referencement.com\/french-seo-sea-sem-agency\/wp-json\/wp\/v2\/users\/4"}],"replies":[{"embeddable":true,"href":"https:\/\/absolute-referencement.com\/french-seo-sea-sem-agency\/wp-json\/wp\/v2\/comments?post=17266"}],"version-history":[{"count":12,"href":"https:\/\/absolute-referencement.com\/french-seo-sea-sem-agency\/wp-json\/wp\/v2\/pages\/17266\/revisions"}],"predecessor-version":[{"id":17760,"href":"https:\/\/absolute-referencement.com\/french-seo-sea-sem-agency\/wp-json\/wp\/v2\/pages\/17266\/revisions\/17760"}],"wp:attachment":[{"href":"https:\/\/absolute-referencement.com\/french-seo-sea-sem-agency\/wp-json\/wp\/v2\/media?parent=17266"}],"curies":[{"name":"wp","href":"https:\/\/api.w.org\/{rel}","templated":true}]}}