{"id":17270,"date":"2017-06-02T13:54:45","date_gmt":"2017-06-02T11:54:45","guid":{"rendered":"http:\/\/absolute-referencement.com\/agence-referencement"},"modified":"2025-04-23T09:54:04","modified_gmt":"2025-04-23T07:54:04","slug":"our-french-agency","status":"publish","type":"page","link":"https:\/\/absolute-referencement.com\/french-seo-sea-sem-agency\/our-french-agency","title":{"rendered":"Our French Agency in Paris"},"content":{"rendered":"<section class=\"wpb-content-wrapper\"><p>[vc_row][vc_column][vc_row_inner][vc_column_inner]<div class=\"dt-fancy-separator title-color\" style=\"width: 100%;\"><div class=\"dt-fancy-title\"><span class=\"separator-holder separator-left\"><\/span>Absolute Referencement: Our company<span class=\"separator-holder separator-right\"><\/span><\/div><\/div>[vc_empty_space height=&#8221;15px&#8221;]<div class=\"jstime timeline_preloader\" style=\"opacity:0;width:35px;margin:auto;margin-top:30px;\"><img decoding=\"async\" style=\"box-shadow:none;\" alt=\"timeline_pre_loader\" src=\"https:\/\/absolute-referencement.com\/wp-content\/plugins\/Ultimate_VC_Addons\/modules\/..\/assets\/img\/timeline_pre-loader.gif\" \/><\/div><div class=\"smile-icon-timeline-wrap jstime line-height-timeline  tl-animation-shadow\"  data-time_sep_bg_color=\"#7e3675\" data-time_block_bg_color=\"#ffffff\"  style=\"opacity:0; margin-top:0px;margin-right:20px;margin-bottom:0px;margin-left:20px;\"><div class=\"timeline-line \" style=\"border-right-style:solid;border-right-color:#7e3675;\"><z><\/z><\/div><div class=\"timeline-wrapper\"><\/div>\r\n\t\t\t\t<div id=\"timeline-seperator-6555\" class=\"timeline-separator-text no_top_margin\" data-sep-col=\"\" data-sep-bg-col=\"\"><span class=\"sep-text ult-responsive\"  data-ultimate-target='#timeline-seperator-6555 .sep-text'  data-responsive-json-new='{\"font-size\":\"\",\"line-height\":\"\"}'  style=\"border-width:1px;border-radius:5px;\">SEM - SEO - SEA Agency<\/span><\/div><div class=\"timeline-wrapper \"><\/div><div class=\"timeline-feature-item feat-item  color_violet\"><div class=\"feat-dot \"><div class=\"timeline-dot\"><\/div><\/div><div class=\"ult-timeline-arrow \"><s><\/s><l><\/l><\/div><div class=\"timeline-icon-block\"><div class=\"ult-timeline-icon tl-icon-no-bg\" style=\"   \"><\/div> <!-- icon --><\/div><div class=\"timeline-header-block\" >\r\n\t\t\t\t\t\t\t<div class=\"timeline-header\" id=\"timeline-featured-6790\"  style=\"\"><h3 class=\"ult-timeline-title ult-responsive\"   data-ultimate-target='#timeline-featured-6790 .ult-timeline-title'  data-responsive-json-new='{\"font-size\":\"\",\"line-height\":\"\"}'  style=\"color:#ffffff;\"><\/h3><div class=\"ult-responsive custom-lht\"  data-ultimate-target='#timeline-featured-6790 .custom-lht'  data-responsive-json-new='{\"font-size\":\"\",\"line-height\":\"\"}'  style=\"color:#ffffff;\">For 20 years, Absolute Group, SEO agency, has been providing professional positioning solutions adapted to all types of companies and business sectors. Constantly innovating, always at the forefront of the Web, our agency provides ever more effective Search Engine Optimization techniques. Our various services deploy their expertise to bring you vital visibility and ranking for your company on Google and the major search engines.<\/div><\/div> <!-- header --><\/div><\/div><div class=\"timeline-wrapper \"><\/div><div class=\"timeline-feature-item feat-item  \"><div class=\"feat-dot \"><div class=\"timeline-dot\"><\/div><\/div><div class=\"ult-timeline-arrow \"><s><\/s><l><\/l><\/div><div class=\"timeline-icon-block\"><div class=\"ult-timeline-icon tl-icon-no-bg\" style=\"   \"><\/div> <!-- icon --><\/div><div class=\"timeline-header-block\" >\r\n\t\t\t\t\t\t\t<div class=\"timeline-header\" id=\"timeline-featured-1189\"  style=\"\"><h3 class=\"ult-timeline-title ult-responsive\"   data-ultimate-target='#timeline-featured-1189 .ult-timeline-title'  data-responsive-json-new='{\"font-size\":\"\",\"line-height\":\"\"}'  style=\"color:#7e3675;\">SEO challenge<\/h3><div class=\"ult-responsive custom-lht\"  data-ultimate-target='#timeline-featured-1189 .custom-lht'  data-responsive-json-new='{\"font-size\":\"\",\"line-height\":\"\"}'  style=\"\">Today, any company wishing to develop and sustain its business must increase its visibility through SEO and SEA paid search.<\/div><\/div> <!-- header --><\/div><\/div><div class=\"timeline-wrapper \"><\/div>\r\n\t\t\t\t<div id=\"timeline-seperator-8850\" class=\"timeline-separator-text \" data-sep-col=\"\" data-sep-bg-col=\"\"><span class=\"sep-text ult-responsive\"  data-ultimate-target='#timeline-seperator-8850 .sep-text'  data-responsive-json-new='{\"font-size\":\"\",\"line-height\":\"\"}'  style=\"border-width:1px;border-radius:5px;\">5 centres dedicated to SEO and SEA<\/span><\/div><div class=\"timeline-wrapper \"><div class=\"timeline-block \"><div class=\"timeline-dot\"><\/div><div class=\"ult-timeline-arrow\"><s><\/s><l><\/l><\/div><div class=\"timeline-icon-block\"><div class=\"ult-timeline-icon \" style=\"   \"><div class=\"ult-just-icon-wrapper  \"><div class=\"align-icon\" style=\"text-align:center;\">\n<div class=\"aio-icon circle \"  style=\"color:#6eb056;background:#ffffff;font-size:16px;display:inline-block;\">\n\t<i class=\"Defaults-circle\"><\/i>\n<\/div><\/div><\/div><\/div> <!-- icon --><\/div><div class=\"timeline-header-block\" >\r\n\t\t\t\t\t\t\t<div id=\"timeline-item-7058\" class=\"timeline-header\" style=\"\"><h3 class=\"ult-timeline-title ult-responsive\"  data-ultimate-target='#timeline-item-7058 .ult-timeline-title'  data-responsive-json-new='{\"font-size\":\"\",\"line-height\":\"\"}'  style=\"color:#7e3675;\">SEA centre - Paid Search<\/h3><div class=\"ult-responsive timeline-item-spt\"  data-ultimate-target='#timeline-item-7058 .timeline-item-spt'  data-responsive-json-new='{\"font-size\":\"\",\"line-height\":\"\"}'  style=\"\">Our team of SEA experts is exclusively made up of highly experienced senior multilingual consultants who master all the finer points of paid search engine optimisation&#8230;<\/div><\/div> <!-- header --><\/div><a href=\"\/sea-adwords\" class=\"link-box ult-link-box\"><\/a><\/div><div class=\"timeline-block \"><div class=\"timeline-dot\"><\/div><div class=\"ult-timeline-arrow\"><s><\/s><l><\/l><\/div><div class=\"timeline-icon-block\"><div class=\"ult-timeline-icon \" style=\"   \"><div class=\"ult-just-icon-wrapper  \"><div class=\"align-icon\" style=\"text-align:center;\">\n<div class=\"aio-icon circle \"  style=\"color:#6eb056;background:#ffffff;font-size:16px;display:inline-block;\">\n\t<i class=\"Defaults-circle\"><\/i>\n<\/div><\/div><\/div><\/div> <!-- icon --><\/div><div class=\"timeline-header-block\" >\r\n\t\t\t\t\t\t\t<div id=\"timeline-item-9513\" class=\"timeline-header\" style=\"\"><h3 class=\"ult-timeline-title ult-responsive\"  data-ultimate-target='#timeline-item-9513 .ult-timeline-title'  data-responsive-json-new='{\"font-size\":\"\",\"line-height\":\"\"}'  style=\"color:#7e3675;\">SEO centre <\/h3><div class=\"ult-responsive timeline-item-spt\"  data-ultimate-target='#timeline-item-9513 .timeline-item-spt'  data-responsive-json-new='{\"font-size\":\"\",\"line-height\":\"\"}'  style=\"\">Our team of senior multilingual SEO Consultants brings you their expertise acquired over many years of experience. The SEO Consultant works in close collaboration with an audit manager and a marketing specialist&#8230;<\/div><\/div> <!-- header --><\/div><a href=\"\/seo-referencement-naturel\" class=\"link-box ult-link-box\"><\/a><\/div><div class=\"timeline-block \"><div class=\"timeline-dot\"><\/div><div class=\"ult-timeline-arrow\"><s><\/s><l><\/l><\/div><div class=\"timeline-icon-block\"><div class=\"ult-timeline-icon \" style=\"   \"><div class=\"ult-just-icon-wrapper  \"><div class=\"align-icon\" style=\"text-align:center;\">\n<div class=\"aio-icon circle \"  style=\"color:#6eb056;background:#ffffff;font-size:16px;display:inline-block;\">\n\t<i class=\"Defaults-circle\"><\/i>\n<\/div><\/div><\/div><\/div> <!-- icon --><\/div><div class=\"timeline-header-block\" >\r\n\t\t\t\t\t\t\t<div id=\"timeline-item-6395\" class=\"timeline-header\" style=\"\"><h3 class=\"ult-timeline-title ult-responsive\"  data-ultimate-target='#timeline-item-6395 .ult-timeline-title'  data-responsive-json-new='{\"font-size\":\"\",\"line-height\":\"\"}'  style=\"color:#7e3675;\">Website Development Centre<\/h3><div class=\"ult-responsive timeline-item-spt\"  data-ultimate-target='#timeline-item-6395 .timeline-item-spt'  data-responsive-json-new='{\"font-size\":\"\",\"line-height\":\"\"}'  style=\"\">Our development centre is involved both in the creation of a site and in the redesign or technical adjustments necessary for the best ranking of your site&#8230;<\/div><\/div> <!-- header --><\/div><a href=\"\/developpement-de-site-web\" class=\"link-box ult-link-box\"><\/a><\/div><div class=\"timeline-block \"><div class=\"timeline-dot\"><\/div><div class=\"ult-timeline-arrow\"><s><\/s><l><\/l><\/div><div class=\"timeline-icon-block\"><div class=\"ult-timeline-icon \" style=\"   \"><div class=\"ult-just-icon-wrapper  \"><div class=\"align-icon\" style=\"text-align:center;\">\n<div class=\"aio-icon circle \"  style=\"color:#6eb056;background:#ffffff;font-size:16px;display:inline-block;\">\n\t<i class=\"Defaults-circle\"><\/i>\n<\/div><\/div><\/div><\/div> <!-- icon --><\/div><div class=\"timeline-header-block\" >\r\n\t\t\t\t\t\t\t<div id=\"timeline-item-6375\" class=\"timeline-header\" style=\"\"><h3 class=\"ult-timeline-title ult-responsive\"  data-ultimate-target='#timeline-item-6375 .ult-timeline-title'  data-responsive-json-new='{\"font-size\":\"\",\"line-height\":\"\"}'  style=\"color:#7e3675;\">Content Writing Centre<\/h3><div class=\"ult-responsive timeline-item-spt\"  data-ultimate-target='#timeline-item-6375 .timeline-item-spt'  data-responsive-json-new='{\"font-size\":\"\",\"line-height\":\"\"}'  style=\"\">Our editorial team is led by a trained journalist. Their experience and creativity allow us to suggest varied, relevant content, bringing real added value to your website&#8230;<\/div><\/div> <!-- header --><\/div><a href=\"\/redaction-de-contenu-web\" class=\"link-box ult-link-box\"><\/a><\/div><div class=\"timeline-block \"><div class=\"timeline-dot\"><\/div><div class=\"ult-timeline-arrow\"><s><\/s><l><\/l><\/div><div class=\"timeline-icon-block\"><div class=\"ult-timeline-icon \" style=\"   \"><div class=\"ult-just-icon-wrapper  \"><div class=\"align-icon\" style=\"text-align:center;\">\n<div class=\"aio-icon circle \"  style=\"color:#6eb056;background:#ffffff;font-size:16px;display:inline-block;\">\n\t<i class=\"Defaults-circle\"><\/i>\n<\/div><\/div><\/div><\/div> <!-- icon --><\/div><div class=\"timeline-header-block\" >\r\n\t\t\t\t\t\t\t<div id=\"timeline-item-9249\" class=\"timeline-header\" style=\"\"><h3 class=\"ult-timeline-title ult-responsive\"  data-ultimate-target='#timeline-item-9249 .ult-timeline-title'  data-responsive-json-new='{\"font-size\":\"\",\"line-height\":\"\"}'  style=\"color:#7e3675;\">Analysis, Monitoring and Watch Center<\/h3><div class=\"ult-responsive timeline-item-spt\"  data-ultimate-target='#timeline-item-9249 .timeline-item-spt'  data-responsive-json-new='{\"font-size\":\"\",\"line-height\":\"\"}'  style=\"\">Our monitoring team monitors the performance of your SEO.<br \/>\nTheir mission is twofold&#8230;<\/div><\/div> <!-- header --><\/div><a href=\"\/analyse-veille-rapport-de-referencement\" class=\"link-box ult-link-box\"><\/a><\/div><\/div><div class=\"timeline-feature-item feat-item  \"><div class=\"feat-dot \"><div class=\"timeline-dot\"><\/div><\/div><div class=\"ult-timeline-arrow \"><s><\/s><l><\/l><\/div><div class=\"timeline-icon-block\"><div class=\"ult-timeline-icon tl-icon-no-bg\" style=\"   \"><\/div> <!-- icon --><\/div><div class=\"timeline-header-block\" >\r\n\t\t\t\t\t\t\t<div class=\"timeline-header\" id=\"timeline-featured-1700\"  style=\"\"><h3 class=\"ult-timeline-title ult-responsive\"   data-ultimate-target='#timeline-featured-1700 .ult-timeline-title'  data-responsive-json-new='{\"font-size\":\"\",\"line-height\":\"\"}'  style=\"color:#7e3675;\">The guarantee of a tailor-made follow-up<\/h3><div class=\"ult-responsive custom-lht\"  data-ultimate-target='#timeline-featured-1700 .custom-lht'  data-responsive-json-new='{\"font-size\":\"\",\"line-height\":\"\"}'  style=\"\">As you are a unique customer, a VIP follow-up is guaranteed. Regular reports are sent to you, allowing you to follow your site&#8217;s evolution on the Web, and ensure its good ranking.<\/div><\/div> <!-- header --><\/div><\/div><div class=\"timeline-wrapper \"><\/div><div class=\"timeline-feature-item feat-item  color_violet\"><div class=\"feat-dot \"><div class=\"timeline-dot\"><\/div><\/div><div class=\"ult-timeline-arrow \"><s><\/s><l><\/l><\/div><div class=\"timeline-icon-block\"><div class=\"ult-timeline-icon tl-icon-no-bg\" style=\"   \"><\/div> <!-- icon --><\/div><div class=\"timeline-header-block\" >\r\n\t\t\t\t\t\t\t<div class=\"timeline-header\" id=\"timeline-featured-1845\"  style=\"\"><h3 class=\"ult-timeline-title ult-responsive\"   data-ultimate-target='#timeline-featured-1845 .ult-timeline-title'  data-responsive-json-new='{\"font-size\":\"\",\"line-height\":\"\"}'  style=\"color:#ffffff;\">Our contact details<\/h3><div class=\"ult-responsive custom-lht\"  data-ultimate-target='#timeline-featured-1845 .custom-lht'  data-responsive-json-new='{\"font-size\":\"\",\"line-height\":\"\"}'  style=\"color:#ffffff;\"><strong>Absolute Referencement<\/strong><br \/>\n3 bis Chem. de Davron<br \/>\n78450 Chavenay<br \/>\nT\u00e9l. +33 1 34 63 06 60<br \/>\n<a href=\"mailto:info@absolute-referencement.com\">info@absolute-referencement.com<\/a><\/div><\/div> <!-- header --><\/div><\/div><div class=\"timeline-wrapper \"><\/div><\/div>[\/vc_column_inner][\/vc_row_inner][\/vc_column][\/vc_row]<\/p>\n<\/section>","protected":false},"excerpt":{"rendered":"<p>[vc_row][vc_column][vc_row_inner][vc_column_inner][vc_empty_space height=&#8221;15px&#8221;][\/vc_column_inner][\/vc_row_inner][\/vc_column][\/vc_row]<\/p>\n","protected":false},"author":1,"featured_media":0,"parent":0,"menu_order":0,"comment_status":"closed","ping_status":"closed","template":"","meta":[],"class_list":["post-17270","page","type-page","status-publish","hentry","description-off"],"yoast_head":"<!-- This site is optimized with the Yoast SEO plugin v25.0 - https:\/\/yoast.com\/wordpress\/plugins\/seo\/ -->\n<title>SEO SEA Absolute Referencement Agency, Who Are We ?<\/title>\n<meta name=\"description\" content=\"Absolute Referencement Agency offers you its expertise in Web strategy. With 25 years&#039; experience, this agency is one of the pioneers in the sector.\" \/>\n<meta name=\"robots\" content=\"index, follow, max-snippet:-1, max-image-preview:large, max-video-preview:-1\" \/>\n<link rel=\"canonical\" href=\"https:\/\/absolute-referencement.com\/french-seo-sea-sem-agency\/our-french-agency\" \/>\n<meta property=\"og:locale\" content=\"en_US\" \/>\n<meta property=\"og:type\" content=\"article\" \/>\n<meta property=\"og:title\" content=\"SEO SEA Absolute Referencement Agency, Who Are We ?\" \/>\n<meta property=\"og:description\" content=\"Absolute Referencement Agency offers you its expertise in Web strategy. With 25 years&#039; experience, this agency is one of the pioneers in the sector.\" \/>\n<meta property=\"og:url\" content=\"https:\/\/absolute-referencement.com\/french-seo-sea-sem-agency\/our-french-agency\" \/>\n<meta property=\"og:site_name\" content=\"R\u00e9f\u00e9rencement naturel SEO &amp; payant SEA Google Ads : Absolute R\u00e9f\u00e9rencement\" \/>\n<meta property=\"article:modified_time\" content=\"2025-04-23T07:54:04+00:00\" \/>\n<meta property=\"og:image\" content=\"https:\/\/absolute-referencement.com\/wp-content\/uploads\/logo_absolute-referencement.jpg\" \/>\n<meta name=\"twitter:card\" content=\"summary_large_image\" \/>\n<meta name=\"twitter:label1\" content=\"Est. reading time\" \/>\n\t<meta name=\"twitter:data1\" content=\"3 minutes\" \/>\n<script type=\"application\/ld+json\" class=\"yoast-schema-graph\">{\"@context\":\"https:\/\/schema.org\",\"@graph\":[{\"@type\":\"WebPage\",\"@id\":\"https:\/\/absolute-referencement.com\/french-seo-sea-sem-agency\/our-french-agency\",\"url\":\"https:\/\/absolute-referencement.com\/french-seo-sea-sem-agency\/our-french-agency\",\"name\":\"SEO SEA Absolute Referencement Agency, Who Are We ?\",\"isPartOf\":{\"@id\":\"https:\/\/absolute-referencement.com\/french-seo-sea-sem-agency#website\"},\"datePublished\":\"2017-06-02T11:54:45+00:00\",\"dateModified\":\"2025-04-23T07:54:04+00:00\",\"description\":\"Absolute Referencement Agency offers you its expertise in Web strategy. With 25 years' experience, this agency is one of the pioneers in the sector.\",\"breadcrumb\":{\"@id\":\"https:\/\/absolute-referencement.com\/french-seo-sea-sem-agency\/our-french-agency#breadcrumb\"},\"inLanguage\":\"en-US\",\"potentialAction\":[{\"@type\":\"ReadAction\",\"target\":[\"https:\/\/absolute-referencement.com\/french-seo-sea-sem-agency\/our-french-agency\"]}]},{\"@type\":\"BreadcrumbList\",\"@id\":\"https:\/\/absolute-referencement.com\/french-seo-sea-sem-agency\/our-french-agency#breadcrumb\",\"itemListElement\":[{\"@type\":\"ListItem\",\"position\":1,\"name\":\"Accueil\",\"item\":\"https:\/\/absolute-referencement.com\/french-seo-sea-sem-agency\/french-seo-sea-paid-search-agency-paris-france\"},{\"@type\":\"ListItem\",\"position\":2,\"name\":\"Our French Agency in Paris\"}]},{\"@type\":\"WebSite\",\"@id\":\"https:\/\/absolute-referencement.com\/french-seo-sea-sem-agency#website\",\"url\":\"https:\/\/absolute-referencement.com\/french-seo-sea-sem-agency\",\"name\":\"R\u00e9f\u00e9rencement naturel et payant Google Adwords : Absolute R\u00e9f\u00e9rencement, Consultant et formation\",\"description\":\"\",\"publisher\":{\"@id\":\"https:\/\/absolute-referencement.com\/french-seo-sea-sem-agency#organization\"},\"potentialAction\":[{\"@type\":\"SearchAction\",\"target\":{\"@type\":\"EntryPoint\",\"urlTemplate\":\"https:\/\/absolute-referencement.com\/french-seo-sea-sem-agency?s={search_term_string}\"},\"query-input\":{\"@type\":\"PropertyValueSpecification\",\"valueRequired\":true,\"valueName\":\"search_term_string\"}}],\"inLanguage\":\"en-US\"},{\"@type\":\"Organization\",\"@id\":\"https:\/\/absolute-referencement.com\/french-seo-sea-sem-agency#organization\",\"name\":\"R\u00e9f\u00e9rencement naturel et payant Google Adwords : Absolute R\u00e9f\u00e9rencement, Consultant et formation\",\"url\":\"https:\/\/absolute-referencement.com\/french-seo-sea-sem-agency\",\"logo\":{\"@type\":\"ImageObject\",\"inLanguage\":\"en-US\",\"@id\":\"https:\/\/absolute-referencement.com\/french-seo-sea-sem-agency#\/schema\/logo\/image\/\",\"url\":\"https:\/\/absolute-referencement.com\/wp-content\/uploads\/logo_absolute.png\",\"contentUrl\":\"https:\/\/absolute-referencement.com\/wp-content\/uploads\/logo_absolute.png\",\"width\":250,\"height\":70,\"caption\":\"R\u00e9f\u00e9rencement naturel et payant Google Adwords : Absolute R\u00e9f\u00e9rencement, Consultant et formation\"},\"image\":{\"@id\":\"https:\/\/absolute-referencement.com\/french-seo-sea-sem-agency#\/schema\/logo\/image\/\"}}]}<\/script>\n<!-- \/ Yoast SEO plugin. -->","yoast_head_json":{"title":"SEO SEA Absolute Referencement Agency, Who Are We ?","description":"Absolute Referencement Agency offers you its expertise in Web strategy. With 25 years' experience, this agency is one of the pioneers in the sector.","robots":{"index":"index","follow":"follow","max-snippet":"max-snippet:-1","max-image-preview":"max-image-preview:large","max-video-preview":"max-video-preview:-1"},"canonical":"https:\/\/absolute-referencement.com\/french-seo-sea-sem-agency\/our-french-agency","og_locale":"en_US","og_type":"article","og_title":"SEO SEA Absolute Referencement Agency, Who Are We ?","og_description":"Absolute Referencement Agency offers you its expertise in Web strategy. With 25 years' experience, this agency is one of the pioneers in the sector.","og_url":"https:\/\/absolute-referencement.com\/french-seo-sea-sem-agency\/our-french-agency","og_site_name":"R\u00e9f\u00e9rencement naturel SEO &amp; payant SEA Google Ads : Absolute R\u00e9f\u00e9rencement","article_modified_time":"2025-04-23T07:54:04+00:00","og_image":[{"url":"https:\/\/absolute-referencement.com\/wp-content\/uploads\/logo_absolute-referencement.jpg","type":"","width":"","height":""}],"twitter_card":"summary_large_image","twitter_misc":{"Est. reading time":"3 minutes"},"schema":{"@context":"https:\/\/schema.org","@graph":[{"@type":"WebPage","@id":"https:\/\/absolute-referencement.com\/french-seo-sea-sem-agency\/our-french-agency","url":"https:\/\/absolute-referencement.com\/french-seo-sea-sem-agency\/our-french-agency","name":"SEO SEA Absolute Referencement Agency, Who Are We ?","isPartOf":{"@id":"https:\/\/absolute-referencement.com\/french-seo-sea-sem-agency#website"},"datePublished":"2017-06-02T11:54:45+00:00","dateModified":"2025-04-23T07:54:04+00:00","description":"Absolute Referencement Agency offers you its expertise in Web strategy. With 25 years' experience, this agency is one of the pioneers in the sector.","breadcrumb":{"@id":"https:\/\/absolute-referencement.com\/french-seo-sea-sem-agency\/our-french-agency#breadcrumb"},"inLanguage":"en-US","potentialAction":[{"@type":"ReadAction","target":["https:\/\/absolute-referencement.com\/french-seo-sea-sem-agency\/our-french-agency"]}]},{"@type":"BreadcrumbList","@id":"https:\/\/absolute-referencement.com\/french-seo-sea-sem-agency\/our-french-agency#breadcrumb","itemListElement":[{"@type":"ListItem","position":1,"name":"Accueil","item":"https:\/\/absolute-referencement.com\/french-seo-sea-sem-agency\/french-seo-sea-paid-search-agency-paris-france"},{"@type":"ListItem","position":2,"name":"Our French Agency in Paris"}]},{"@type":"WebSite","@id":"https:\/\/absolute-referencement.com\/french-seo-sea-sem-agency#website","url":"https:\/\/absolute-referencement.com\/french-seo-sea-sem-agency","name":"R\u00e9f\u00e9rencement naturel et payant Google Adwords : Absolute R\u00e9f\u00e9rencement, Consultant et formation","description":"","publisher":{"@id":"https:\/\/absolute-referencement.com\/french-seo-sea-sem-agency#organization"},"potentialAction":[{"@type":"SearchAction","target":{"@type":"EntryPoint","urlTemplate":"https:\/\/absolute-referencement.com\/french-seo-sea-sem-agency?s={search_term_string}"},"query-input":{"@type":"PropertyValueSpecification","valueRequired":true,"valueName":"search_term_string"}}],"inLanguage":"en-US"},{"@type":"Organization","@id":"https:\/\/absolute-referencement.com\/french-seo-sea-sem-agency#organization","name":"R\u00e9f\u00e9rencement naturel et payant Google Adwords : Absolute R\u00e9f\u00e9rencement, Consultant et formation","url":"https:\/\/absolute-referencement.com\/french-seo-sea-sem-agency","logo":{"@type":"ImageObject","inLanguage":"en-US","@id":"https:\/\/absolute-referencement.com\/french-seo-sea-sem-agency#\/schema\/logo\/image\/","url":"https:\/\/absolute-referencement.com\/wp-content\/uploads\/logo_absolute.png","contentUrl":"https:\/\/absolute-referencement.com\/wp-content\/uploads\/logo_absolute.png","width":250,"height":70,"caption":"R\u00e9f\u00e9rencement naturel et payant Google Adwords : Absolute R\u00e9f\u00e9rencement, Consultant et formation"},"image":{"@id":"https:\/\/absolute-referencement.com\/french-seo-sea-sem-agency#\/schema\/logo\/image\/"}}]}},"_links":{"self":[{"href":"https:\/\/absolute-referencement.com\/french-seo-sea-sem-agency\/wp-json\/wp\/v2\/pages\/17270","targetHints":{"allow":["GET"]}}],"collection":[{"href":"https:\/\/absolute-referencement.com\/french-seo-sea-sem-agency\/wp-json\/wp\/v2\/pages"}],"about":[{"href":"https:\/\/absolute-referencement.com\/french-seo-sea-sem-agency\/wp-json\/wp\/v2\/types\/page"}],"author":[{"embeddable":true,"href":"https:\/\/absolute-referencement.com\/french-seo-sea-sem-agency\/wp-json\/wp\/v2\/users\/1"}],"replies":[{"embeddable":true,"href":"https:\/\/absolute-referencement.com\/french-seo-sea-sem-agency\/wp-json\/wp\/v2\/comments?post=17270"}],"version-history":[{"count":16,"href":"https:\/\/absolute-referencement.com\/french-seo-sea-sem-agency\/wp-json\/wp\/v2\/pages\/17270\/revisions"}],"predecessor-version":[{"id":19807,"href":"https:\/\/absolute-referencement.com\/french-seo-sea-sem-agency\/wp-json\/wp\/v2\/pages\/17270\/revisions\/19807"}],"wp:attachment":[{"href":"https:\/\/absolute-referencement.com\/french-seo-sea-sem-agency\/wp-json\/wp\/v2\/media?parent=17270"}],"curies":[{"name":"wp","href":"https:\/\/api.w.org\/{rel}","templated":true}]}}