{"id":17272,"date":"2017-06-29T14:37:10","date_gmt":"2017-06-29T12:37:10","guid":{"rendered":"http:\/\/absolute-referencement.com\/sea-adwords"},"modified":"2025-04-23T09:51:38","modified_gmt":"2025-04-23T07:51:38","slug":"sea-department","status":"publish","type":"page","link":"https:\/\/absolute-referencement.com\/french-seo-sea-sem-agency\/sea-department","title":{"rendered":"SEA department"},"content":{"rendered":"<section class=\"wpb-content-wrapper\"><p>[vc_row][vc_column][vc_row_inner][vc_column_inner]<div class=\"dt-fancy-separator title-color\" style=\"width: 100%;\"><div class=\"dt-fancy-title\"><span class=\"separator-holder separator-left\"><\/span>Adwords, Bing &amp; Facebook Campaign Management<span class=\"separator-holder separator-right\"><\/span><\/div><\/div>[vc_empty_space height=&#8221;15px&#8221;][vc_column_text]<\/p>\n<h2>A highly specialised Google Adwords, Bing Ads and Facebook Ads team<\/h2>\n<div id=\"attachment_15297\" style=\"width: 310px\" class=\"wp-caption alignright\"><img loading=\"lazy\" decoding=\"async\" aria-describedby=\"caption-attachment-15297\" class=\"wp-image-15297\" src=\"https:\/\/absolute-referencement.com\/wp-content\/uploads\/roi-sea-google-ads.jpg\" alt=\"\" width=\"300\" height=\"185\" srcset=\"https:\/\/absolute-referencement.com\/wp-content\/uploads\/roi-sea-google-ads.jpg 320w, https:\/\/absolute-referencement.com\/wp-content\/uploads\/roi-sea-google-ads-300x185.jpg 300w\" sizes=\"auto, (max-width: 300px) 100vw, 300px\" \/><p id=\"caption-attachment-15297\" class=\"wp-caption-text\">SEA Google, Bing &amp; Facebook Ads Expert<\/p><\/div>\n<p>Our team of SEA experts is exclusively made up of highly experienced senior multilingual consultants who master all the finer points of paid search engine optimisation. Knowing all these fine details will make all the difference and help you improve your return on investment. In fact, our clients are seeing an increase of up to 60% in their ROI.<\/p>\n<p>Thanks to its special status as a Google Partner Premium agency, our team is in permanent contact with the teams at Google&#8217;s European headquarters in Dublin, and in particular with highly specialised Account Strategists. This teamwork allows us to be even more efficient at managing your campaigns.<\/p>\n<p>In addition, this specific status also allows us to offer our clients the opportunity to test Beta versions of new Google campaigns or features.<\/p>\n<p>Your SEA expert will be a source of advice and is able to support you in positively orienting your digital strategy. So don&#8217;t lose sight of the fact that it&#8217;s your consultant&#8217;s experience as well as the teamwork with Google that will make all the difference!<\/p>\n<p><strong>Your SEA expert: The guarantor of your ROI<\/strong>[\/vc_column_text][\/vc_column_inner][\/vc_row_inner][\/vc_column][\/vc_row]<\/p>\n<\/section>","protected":false},"excerpt":{"rendered":"<p>[vc_row][vc_column][vc_row_inner][vc_column_inner][vc_empty_space height=&#8221;15px&#8221;][vc_column_text] A highly specialised Google Adwords, Bing Ads and Facebook Ads team Our team of SEA experts is exclusively made up of highly experienced senior multilingual consultants who master all the finer points of paid search engine optimisation. Knowing all these fine details will make all the difference and help you improve your return&hellip;<\/p>\n","protected":false},"author":1,"featured_media":0,"parent":0,"menu_order":0,"comment_status":"closed","ping_status":"closed","template":"","meta":[],"class_list":["post-17272","page","type-page","status-publish","hentry","description-off"],"yoast_head":"<!-- This site is optimized with the Yoast SEO plugin v25.0 - https:\/\/yoast.com\/wordpress\/plugins\/seo\/ -->\n<title>French Google Ads Paid Search Department: Absolute Referencement<\/title>\n<meta name=\"description\" content=\"Our team of SEA experts is made up exclusively of highly experienced senior multilingual consultants who have mastered all the finer points of paid search.\" \/>\n<meta name=\"robots\" content=\"index, follow, max-snippet:-1, max-image-preview:large, max-video-preview:-1\" \/>\n<link rel=\"canonical\" href=\"https:\/\/absolute-referencement.com\/french-seo-sea-sem-agency\/sea-department\" \/>\n<meta property=\"og:locale\" content=\"en_US\" \/>\n<meta property=\"og:type\" content=\"article\" \/>\n<meta property=\"og:title\" content=\"French Google Ads Paid Search Department: Absolute Referencement\" \/>\n<meta property=\"og:description\" content=\"Our team of SEA experts is made up exclusively of highly experienced senior multilingual consultants who have mastered all the finer points of paid search.\" \/>\n<meta property=\"og:url\" content=\"https:\/\/absolute-referencement.com\/french-seo-sea-sem-agency\/sea-department\" \/>\n<meta property=\"og:site_name\" content=\"R\u00e9f\u00e9rencement naturel SEO &amp; payant SEA Google Ads : Absolute R\u00e9f\u00e9rencement\" \/>\n<meta property=\"article:modified_time\" content=\"2025-04-23T07:51:38+00:00\" \/>\n<meta property=\"og:image\" content=\"https:\/\/absolute-referencement.com\/wp-content\/uploads\/roi_sea_awords.jpg\" \/>\n<meta name=\"twitter:card\" content=\"summary_large_image\" \/>\n<meta name=\"twitter:label1\" content=\"Est. reading time\" \/>\n\t<meta name=\"twitter:data1\" content=\"1 minute\" \/>\n<script type=\"application\/ld+json\" class=\"yoast-schema-graph\">{\"@context\":\"https:\/\/schema.org\",\"@graph\":[{\"@type\":\"WebPage\",\"@id\":\"https:\/\/absolute-referencement.com\/french-seo-sea-sem-agency\/sea-department\",\"url\":\"https:\/\/absolute-referencement.com\/french-seo-sea-sem-agency\/sea-department\",\"name\":\"French Google Ads Paid Search Department: Absolute Referencement\",\"isPartOf\":{\"@id\":\"https:\/\/absolute-referencement.com\/french-seo-sea-sem-agency#website\"},\"primaryImageOfPage\":{\"@id\":\"https:\/\/absolute-referencement.com\/french-seo-sea-sem-agency\/sea-department#primaryimage\"},\"image\":{\"@id\":\"https:\/\/absolute-referencement.com\/french-seo-sea-sem-agency\/sea-department#primaryimage\"},\"thumbnailUrl\":\"https:\/\/absolute-referencement.com\/wp-content\/uploads\/roi-sea-google-ads.jpg\",\"datePublished\":\"2017-06-29T12:37:10+00:00\",\"dateModified\":\"2025-04-23T07:51:38+00:00\",\"description\":\"Our team of SEA experts is made up exclusively of highly experienced senior multilingual consultants who have mastered all the finer points of paid search.\",\"breadcrumb\":{\"@id\":\"https:\/\/absolute-referencement.com\/french-seo-sea-sem-agency\/sea-department#breadcrumb\"},\"inLanguage\":\"en-US\",\"potentialAction\":[{\"@type\":\"ReadAction\",\"target\":[\"https:\/\/absolute-referencement.com\/french-seo-sea-sem-agency\/sea-department\"]}]},{\"@type\":\"ImageObject\",\"inLanguage\":\"en-US\",\"@id\":\"https:\/\/absolute-referencement.com\/french-seo-sea-sem-agency\/sea-department#primaryimage\",\"url\":\"https:\/\/absolute-referencement.com\/wp-content\/uploads\/roi-sea-google-ads.jpg\",\"contentUrl\":\"https:\/\/absolute-referencement.com\/wp-content\/uploads\/roi-sea-google-ads.jpg\"},{\"@type\":\"BreadcrumbList\",\"@id\":\"https:\/\/absolute-referencement.com\/french-seo-sea-sem-agency\/sea-department#breadcrumb\",\"itemListElement\":[{\"@type\":\"ListItem\",\"position\":1,\"name\":\"Accueil\",\"item\":\"https:\/\/absolute-referencement.com\/french-seo-sea-sem-agency\/french-seo-sea-paid-search-agency-paris-france\"},{\"@type\":\"ListItem\",\"position\":2,\"name\":\"SEA department\"}]},{\"@type\":\"WebSite\",\"@id\":\"https:\/\/absolute-referencement.com\/french-seo-sea-sem-agency#website\",\"url\":\"https:\/\/absolute-referencement.com\/french-seo-sea-sem-agency\",\"name\":\"R\u00e9f\u00e9rencement naturel et payant Google Adwords : Absolute R\u00e9f\u00e9rencement, Consultant et formation\",\"description\":\"\",\"publisher\":{\"@id\":\"https:\/\/absolute-referencement.com\/french-seo-sea-sem-agency#organization\"},\"potentialAction\":[{\"@type\":\"SearchAction\",\"target\":{\"@type\":\"EntryPoint\",\"urlTemplate\":\"https:\/\/absolute-referencement.com\/french-seo-sea-sem-agency?s={search_term_string}\"},\"query-input\":{\"@type\":\"PropertyValueSpecification\",\"valueRequired\":true,\"valueName\":\"search_term_string\"}}],\"inLanguage\":\"en-US\"},{\"@type\":\"Organization\",\"@id\":\"https:\/\/absolute-referencement.com\/french-seo-sea-sem-agency#organization\",\"name\":\"R\u00e9f\u00e9rencement naturel et payant Google Adwords : Absolute R\u00e9f\u00e9rencement, Consultant et formation\",\"url\":\"https:\/\/absolute-referencement.com\/french-seo-sea-sem-agency\",\"logo\":{\"@type\":\"ImageObject\",\"inLanguage\":\"en-US\",\"@id\":\"https:\/\/absolute-referencement.com\/french-seo-sea-sem-agency#\/schema\/logo\/image\/\",\"url\":\"https:\/\/absolute-referencement.com\/wp-content\/uploads\/logo_absolute.png\",\"contentUrl\":\"https:\/\/absolute-referencement.com\/wp-content\/uploads\/logo_absolute.png\",\"width\":250,\"height\":70,\"caption\":\"R\u00e9f\u00e9rencement naturel et payant Google Adwords : Absolute R\u00e9f\u00e9rencement, Consultant et formation\"},\"image\":{\"@id\":\"https:\/\/absolute-referencement.com\/french-seo-sea-sem-agency#\/schema\/logo\/image\/\"}}]}<\/script>\n<!-- \/ Yoast SEO plugin. -->","yoast_head_json":{"title":"French Google Ads Paid Search Department: Absolute Referencement","description":"Our team of SEA experts is made up exclusively of highly experienced senior multilingual consultants who have mastered all the finer points of paid search.","robots":{"index":"index","follow":"follow","max-snippet":"max-snippet:-1","max-image-preview":"max-image-preview:large","max-video-preview":"max-video-preview:-1"},"canonical":"https:\/\/absolute-referencement.com\/french-seo-sea-sem-agency\/sea-department","og_locale":"en_US","og_type":"article","og_title":"French Google Ads Paid Search Department: Absolute Referencement","og_description":"Our team of SEA experts is made up exclusively of highly experienced senior multilingual consultants who have mastered all the finer points of paid search.","og_url":"https:\/\/absolute-referencement.com\/french-seo-sea-sem-agency\/sea-department","og_site_name":"R\u00e9f\u00e9rencement naturel SEO &amp; payant SEA Google Ads : Absolute R\u00e9f\u00e9rencement","article_modified_time":"2025-04-23T07:51:38+00:00","og_image":[{"url":"https:\/\/absolute-referencement.com\/wp-content\/uploads\/roi_sea_awords.jpg","type":"","width":"","height":""}],"twitter_card":"summary_large_image","twitter_misc":{"Est. reading time":"1 minute"},"schema":{"@context":"https:\/\/schema.org","@graph":[{"@type":"WebPage","@id":"https:\/\/absolute-referencement.com\/french-seo-sea-sem-agency\/sea-department","url":"https:\/\/absolute-referencement.com\/french-seo-sea-sem-agency\/sea-department","name":"French Google Ads Paid Search Department: Absolute Referencement","isPartOf":{"@id":"https:\/\/absolute-referencement.com\/french-seo-sea-sem-agency#website"},"primaryImageOfPage":{"@id":"https:\/\/absolute-referencement.com\/french-seo-sea-sem-agency\/sea-department#primaryimage"},"image":{"@id":"https:\/\/absolute-referencement.com\/french-seo-sea-sem-agency\/sea-department#primaryimage"},"thumbnailUrl":"https:\/\/absolute-referencement.com\/wp-content\/uploads\/roi-sea-google-ads.jpg","datePublished":"2017-06-29T12:37:10+00:00","dateModified":"2025-04-23T07:51:38+00:00","description":"Our team of SEA experts is made up exclusively of highly experienced senior multilingual consultants who have mastered all the finer points of paid search.","breadcrumb":{"@id":"https:\/\/absolute-referencement.com\/french-seo-sea-sem-agency\/sea-department#breadcrumb"},"inLanguage":"en-US","potentialAction":[{"@type":"ReadAction","target":["https:\/\/absolute-referencement.com\/french-seo-sea-sem-agency\/sea-department"]}]},{"@type":"ImageObject","inLanguage":"en-US","@id":"https:\/\/absolute-referencement.com\/french-seo-sea-sem-agency\/sea-department#primaryimage","url":"https:\/\/absolute-referencement.com\/wp-content\/uploads\/roi-sea-google-ads.jpg","contentUrl":"https:\/\/absolute-referencement.com\/wp-content\/uploads\/roi-sea-google-ads.jpg"},{"@type":"BreadcrumbList","@id":"https:\/\/absolute-referencement.com\/french-seo-sea-sem-agency\/sea-department#breadcrumb","itemListElement":[{"@type":"ListItem","position":1,"name":"Accueil","item":"https:\/\/absolute-referencement.com\/french-seo-sea-sem-agency\/french-seo-sea-paid-search-agency-paris-france"},{"@type":"ListItem","position":2,"name":"SEA department"}]},{"@type":"WebSite","@id":"https:\/\/absolute-referencement.com\/french-seo-sea-sem-agency#website","url":"https:\/\/absolute-referencement.com\/french-seo-sea-sem-agency","name":"R\u00e9f\u00e9rencement naturel et payant Google Adwords : Absolute R\u00e9f\u00e9rencement, Consultant et formation","description":"","publisher":{"@id":"https:\/\/absolute-referencement.com\/french-seo-sea-sem-agency#organization"},"potentialAction":[{"@type":"SearchAction","target":{"@type":"EntryPoint","urlTemplate":"https:\/\/absolute-referencement.com\/french-seo-sea-sem-agency?s={search_term_string}"},"query-input":{"@type":"PropertyValueSpecification","valueRequired":true,"valueName":"search_term_string"}}],"inLanguage":"en-US"},{"@type":"Organization","@id":"https:\/\/absolute-referencement.com\/french-seo-sea-sem-agency#organization","name":"R\u00e9f\u00e9rencement naturel et payant Google Adwords : Absolute R\u00e9f\u00e9rencement, Consultant et formation","url":"https:\/\/absolute-referencement.com\/french-seo-sea-sem-agency","logo":{"@type":"ImageObject","inLanguage":"en-US","@id":"https:\/\/absolute-referencement.com\/french-seo-sea-sem-agency#\/schema\/logo\/image\/","url":"https:\/\/absolute-referencement.com\/wp-content\/uploads\/logo_absolute.png","contentUrl":"https:\/\/absolute-referencement.com\/wp-content\/uploads\/logo_absolute.png","width":250,"height":70,"caption":"R\u00e9f\u00e9rencement naturel et payant Google Adwords : Absolute R\u00e9f\u00e9rencement, Consultant et formation"},"image":{"@id":"https:\/\/absolute-referencement.com\/french-seo-sea-sem-agency#\/schema\/logo\/image\/"}}]}},"_links":{"self":[{"href":"https:\/\/absolute-referencement.com\/french-seo-sea-sem-agency\/wp-json\/wp\/v2\/pages\/17272","targetHints":{"allow":["GET"]}}],"collection":[{"href":"https:\/\/absolute-referencement.com\/french-seo-sea-sem-agency\/wp-json\/wp\/v2\/pages"}],"about":[{"href":"https:\/\/absolute-referencement.com\/french-seo-sea-sem-agency\/wp-json\/wp\/v2\/types\/page"}],"author":[{"embeddable":true,"href":"https:\/\/absolute-referencement.com\/french-seo-sea-sem-agency\/wp-json\/wp\/v2\/users\/1"}],"replies":[{"embeddable":true,"href":"https:\/\/absolute-referencement.com\/french-seo-sea-sem-agency\/wp-json\/wp\/v2\/comments?post=17272"}],"version-history":[{"count":4,"href":"https:\/\/absolute-referencement.com\/french-seo-sea-sem-agency\/wp-json\/wp\/v2\/pages\/17272\/revisions"}],"predecessor-version":[{"id":17774,"href":"https:\/\/absolute-referencement.com\/french-seo-sea-sem-agency\/wp-json\/wp\/v2\/pages\/17272\/revisions\/17774"}],"wp:attachment":[{"href":"https:\/\/absolute-referencement.com\/french-seo-sea-sem-agency\/wp-json\/wp\/v2\/media?parent=17272"}],"curies":[{"name":"wp","href":"https:\/\/api.w.org\/{rel}","templated":true}]}}