{"id":17274,"date":"2017-05-31T15:41:18","date_gmt":"2017-05-31T13:41:18","guid":{"rendered":"http:\/\/absolute-referencement.com\/seo-referencement-naturel"},"modified":"2025-04-23T10:03:34","modified_gmt":"2025-04-23T08:03:34","slug":"seo-department","status":"publish","type":"page","link":"https:\/\/absolute-referencement.com\/french-seo-sea-sem-agency\/seo-department","title":{"rendered":"SEO department"},"content":{"rendered":"<section class=\"wpb-content-wrapper\"><p>[vc_row][vc_column][vc_row_inner][vc_column_inner]<div class=\"dt-fancy-separator title-color\" style=\"width: 100%;\"><div class=\"dt-fancy-title\"><span class=\"separator-holder separator-left\"><\/span>Recognised as Best French SEO Agency<span class=\"separator-holder separator-right\"><\/span><\/div><\/div>[vc_empty_space height=&#8221;15px&#8221;][vc_column_text]<\/p>\n<h2>SEO Expert: Your project manager<\/h2>\n<div id=\"attachment_14609\" style=\"width: 250px\" class=\"wp-caption alignright\"><img loading=\"lazy\" decoding=\"async\" aria-describedby=\"caption-attachment-14609\" class=\"alignnone size-full wp-image-15298\" src=\"https:\/\/absolute-referencement.com\/wp-content\/uploads\/seo-search-engine-optimization.png\" alt=\"\" width=\"240\" height=\"240\" srcset=\"https:\/\/absolute-referencement.com\/wp-content\/uploads\/seo-search-engine-optimization.png 240w, https:\/\/absolute-referencement.com\/wp-content\/uploads\/seo-search-engine-optimization-150x150.png 150w\" sizes=\"auto, (max-width: 240px) 100vw, 240px\" \/><p id=\"caption-attachment-14609\" class=\"wp-caption-text\">Web SEO Expert<\/p><\/div>\n<p>Our team of senior multilingual SEO Consultants brings you their expertise acquired over many years of experience. The SEO Consultant works in close collaboration with an auditor and a marketing specialist in order to establish an inventory of fixtures and set up a solid online strategy.<\/p>\n<p>The SEO Consultant primary mission is to analyse the context of your site, isolate the blocking factors, identify targets and select both strategic and long-train keywords in order to ensure optimum traffic.<\/p>\n<p>The SEO Consultant follows up and makes the necessary adjustments for the sole purpose of obtaining qualified traffic and the best visibility on search engines.<\/p>\n<p>Your project manager, an SEO expert, will be your dedicated contact. Their mission will be to coordinate the established strategy, guaranteeing you a precise follow-up and a coherent Search Engine Optimization strategy.<\/p>\n<p>In constant contact with our departments, your SEO project manager benefits from ongoing training on the latest developments on the Web, Google&#8217;s algorithm and the various search engines, as well as on SEO techniques.<\/p>\n<p>A true strategist, your SEO Expert is able to advise and guide you in your Web strategy.<\/p>\n<h3>Your SEO expert: The project manager who guarantees your ranking<\/h3>\n<p>[\/vc_column_text][\/vc_column_inner][\/vc_row_inner][\/vc_column][\/vc_row]<\/p>\n<\/section>","protected":false},"excerpt":{"rendered":"<p>[vc_row][vc_column][vc_row_inner][vc_column_inner][vc_empty_space height=&#8221;15px&#8221;][vc_column_text] SEO Expert: Your project manager Our team of senior multilingual SEO Consultants brings you their expertise acquired over many years of experience. The SEO Consultant works in close collaboration with an auditor and a marketing specialist in order to establish an inventory of fixtures and set up a solid online strategy. The SEO&hellip;<\/p>\n","protected":false},"author":1,"featured_media":0,"parent":0,"menu_order":0,"comment_status":"closed","ping_status":"closed","template":"","meta":[],"class_list":["post-17274","page","type-page","status-publish","hentry","description-off"],"yoast_head":"<!-- This site is optimized with the Yoast SEO plugin v25.0 - https:\/\/yoast.com\/wordpress\/plugins\/seo\/ -->\n<title>SEO Natural Referencing Department: Absolute Referencement Agency<\/title>\n<meta name=\"description\" content=\"Our team of multilingual Senior SEOs brings you the expertise acquired over many years of experience, for a genuine online strategy.\" \/>\n<meta name=\"robots\" content=\"index, follow, max-snippet:-1, max-image-preview:large, max-video-preview:-1\" \/>\n<link rel=\"canonical\" href=\"https:\/\/absolute-referencement.com\/french-seo-sea-sem-agency\/seo-department\" \/>\n<meta property=\"og:locale\" content=\"en_US\" \/>\n<meta property=\"og:type\" content=\"article\" \/>\n<meta property=\"og:title\" content=\"SEO Natural Referencing Department: Absolute Referencement Agency\" \/>\n<meta property=\"og:description\" content=\"Our team of multilingual Senior SEOs brings you the expertise acquired over many years of experience, for a genuine online strategy.\" \/>\n<meta property=\"og:url\" content=\"https:\/\/absolute-referencement.com\/french-seo-sea-sem-agency\/seo-department\" \/>\n<meta property=\"og:site_name\" content=\"R\u00e9f\u00e9rencement naturel SEO &amp; payant SEA Google Ads : Absolute R\u00e9f\u00e9rencement\" \/>\n<meta property=\"article:modified_time\" content=\"2025-04-23T08:03:34+00:00\" \/>\n<meta property=\"og:image\" content=\"https:\/\/absolute-referencement.com\/wp-content\/uploads\/seo-referencement-naturel.png\" \/>\n<meta name=\"twitter:card\" content=\"summary_large_image\" \/>\n<meta name=\"twitter:label1\" content=\"Est. reading time\" \/>\n\t<meta name=\"twitter:data1\" content=\"1 minute\" \/>\n<script type=\"application\/ld+json\" class=\"yoast-schema-graph\">{\"@context\":\"https:\/\/schema.org\",\"@graph\":[{\"@type\":\"WebPage\",\"@id\":\"https:\/\/absolute-referencement.com\/french-seo-sea-sem-agency\/seo-department\",\"url\":\"https:\/\/absolute-referencement.com\/french-seo-sea-sem-agency\/seo-department\",\"name\":\"SEO Natural Referencing Department: Absolute Referencement Agency\",\"isPartOf\":{\"@id\":\"https:\/\/absolute-referencement.com\/french-seo-sea-sem-agency#website\"},\"primaryImageOfPage\":{\"@id\":\"https:\/\/absolute-referencement.com\/french-seo-sea-sem-agency\/seo-department#primaryimage\"},\"image\":{\"@id\":\"https:\/\/absolute-referencement.com\/french-seo-sea-sem-agency\/seo-department#primaryimage\"},\"thumbnailUrl\":\"https:\/\/absolute-referencement.com\/wp-content\/uploads\/seo-search-engine-optimization.png\",\"datePublished\":\"2017-05-31T13:41:18+00:00\",\"dateModified\":\"2025-04-23T08:03:34+00:00\",\"description\":\"Our team of multilingual Senior SEOs brings you the expertise acquired over many years of experience, for a genuine online strategy.\",\"breadcrumb\":{\"@id\":\"https:\/\/absolute-referencement.com\/french-seo-sea-sem-agency\/seo-department#breadcrumb\"},\"inLanguage\":\"en-US\",\"potentialAction\":[{\"@type\":\"ReadAction\",\"target\":[\"https:\/\/absolute-referencement.com\/french-seo-sea-sem-agency\/seo-department\"]}]},{\"@type\":\"ImageObject\",\"inLanguage\":\"en-US\",\"@id\":\"https:\/\/absolute-referencement.com\/french-seo-sea-sem-agency\/seo-department#primaryimage\",\"url\":\"https:\/\/absolute-referencement.com\/wp-content\/uploads\/seo-search-engine-optimization.png\",\"contentUrl\":\"https:\/\/absolute-referencement.com\/wp-content\/uploads\/seo-search-engine-optimization.png\"},{\"@type\":\"BreadcrumbList\",\"@id\":\"https:\/\/absolute-referencement.com\/french-seo-sea-sem-agency\/seo-department#breadcrumb\",\"itemListElement\":[{\"@type\":\"ListItem\",\"position\":1,\"name\":\"Accueil\",\"item\":\"https:\/\/absolute-referencement.com\/french-seo-sea-sem-agency\/french-seo-sea-paid-search-agency-paris-france\"},{\"@type\":\"ListItem\",\"position\":2,\"name\":\"SEO department\"}]},{\"@type\":\"WebSite\",\"@id\":\"https:\/\/absolute-referencement.com\/french-seo-sea-sem-agency#website\",\"url\":\"https:\/\/absolute-referencement.com\/french-seo-sea-sem-agency\",\"name\":\"R\u00e9f\u00e9rencement naturel et payant Google Adwords : Absolute R\u00e9f\u00e9rencement, Consultant et formation\",\"description\":\"\",\"publisher\":{\"@id\":\"https:\/\/absolute-referencement.com\/french-seo-sea-sem-agency#organization\"},\"potentialAction\":[{\"@type\":\"SearchAction\",\"target\":{\"@type\":\"EntryPoint\",\"urlTemplate\":\"https:\/\/absolute-referencement.com\/french-seo-sea-sem-agency?s={search_term_string}\"},\"query-input\":{\"@type\":\"PropertyValueSpecification\",\"valueRequired\":true,\"valueName\":\"search_term_string\"}}],\"inLanguage\":\"en-US\"},{\"@type\":\"Organization\",\"@id\":\"https:\/\/absolute-referencement.com\/french-seo-sea-sem-agency#organization\",\"name\":\"R\u00e9f\u00e9rencement naturel et payant Google Adwords : Absolute R\u00e9f\u00e9rencement, Consultant et formation\",\"url\":\"https:\/\/absolute-referencement.com\/french-seo-sea-sem-agency\",\"logo\":{\"@type\":\"ImageObject\",\"inLanguage\":\"en-US\",\"@id\":\"https:\/\/absolute-referencement.com\/french-seo-sea-sem-agency#\/schema\/logo\/image\/\",\"url\":\"https:\/\/absolute-referencement.com\/wp-content\/uploads\/logo_absolute.png\",\"contentUrl\":\"https:\/\/absolute-referencement.com\/wp-content\/uploads\/logo_absolute.png\",\"width\":250,\"height\":70,\"caption\":\"R\u00e9f\u00e9rencement naturel et payant Google Adwords : Absolute R\u00e9f\u00e9rencement, Consultant et formation\"},\"image\":{\"@id\":\"https:\/\/absolute-referencement.com\/french-seo-sea-sem-agency#\/schema\/logo\/image\/\"}}]}<\/script>\n<!-- \/ Yoast SEO plugin. -->","yoast_head_json":{"title":"SEO Natural Referencing Department: Absolute Referencement Agency","description":"Our team of multilingual Senior SEOs brings you the expertise acquired over many years of experience, for a genuine online strategy.","robots":{"index":"index","follow":"follow","max-snippet":"max-snippet:-1","max-image-preview":"max-image-preview:large","max-video-preview":"max-video-preview:-1"},"canonical":"https:\/\/absolute-referencement.com\/french-seo-sea-sem-agency\/seo-department","og_locale":"en_US","og_type":"article","og_title":"SEO Natural Referencing Department: Absolute Referencement Agency","og_description":"Our team of multilingual Senior SEOs brings you the expertise acquired over many years of experience, for a genuine online strategy.","og_url":"https:\/\/absolute-referencement.com\/french-seo-sea-sem-agency\/seo-department","og_site_name":"R\u00e9f\u00e9rencement naturel SEO &amp; payant SEA Google Ads : Absolute R\u00e9f\u00e9rencement","article_modified_time":"2025-04-23T08:03:34+00:00","og_image":[{"url":"https:\/\/absolute-referencement.com\/wp-content\/uploads\/seo-referencement-naturel.png","type":"","width":"","height":""}],"twitter_card":"summary_large_image","twitter_misc":{"Est. reading time":"1 minute"},"schema":{"@context":"https:\/\/schema.org","@graph":[{"@type":"WebPage","@id":"https:\/\/absolute-referencement.com\/french-seo-sea-sem-agency\/seo-department","url":"https:\/\/absolute-referencement.com\/french-seo-sea-sem-agency\/seo-department","name":"SEO Natural Referencing Department: Absolute Referencement Agency","isPartOf":{"@id":"https:\/\/absolute-referencement.com\/french-seo-sea-sem-agency#website"},"primaryImageOfPage":{"@id":"https:\/\/absolute-referencement.com\/french-seo-sea-sem-agency\/seo-department#primaryimage"},"image":{"@id":"https:\/\/absolute-referencement.com\/french-seo-sea-sem-agency\/seo-department#primaryimage"},"thumbnailUrl":"https:\/\/absolute-referencement.com\/wp-content\/uploads\/seo-search-engine-optimization.png","datePublished":"2017-05-31T13:41:18+00:00","dateModified":"2025-04-23T08:03:34+00:00","description":"Our team of multilingual Senior SEOs brings you the expertise acquired over many years of experience, for a genuine online strategy.","breadcrumb":{"@id":"https:\/\/absolute-referencement.com\/french-seo-sea-sem-agency\/seo-department#breadcrumb"},"inLanguage":"en-US","potentialAction":[{"@type":"ReadAction","target":["https:\/\/absolute-referencement.com\/french-seo-sea-sem-agency\/seo-department"]}]},{"@type":"ImageObject","inLanguage":"en-US","@id":"https:\/\/absolute-referencement.com\/french-seo-sea-sem-agency\/seo-department#primaryimage","url":"https:\/\/absolute-referencement.com\/wp-content\/uploads\/seo-search-engine-optimization.png","contentUrl":"https:\/\/absolute-referencement.com\/wp-content\/uploads\/seo-search-engine-optimization.png"},{"@type":"BreadcrumbList","@id":"https:\/\/absolute-referencement.com\/french-seo-sea-sem-agency\/seo-department#breadcrumb","itemListElement":[{"@type":"ListItem","position":1,"name":"Accueil","item":"https:\/\/absolute-referencement.com\/french-seo-sea-sem-agency\/french-seo-sea-paid-search-agency-paris-france"},{"@type":"ListItem","position":2,"name":"SEO department"}]},{"@type":"WebSite","@id":"https:\/\/absolute-referencement.com\/french-seo-sea-sem-agency#website","url":"https:\/\/absolute-referencement.com\/french-seo-sea-sem-agency","name":"R\u00e9f\u00e9rencement naturel et payant Google Adwords : Absolute R\u00e9f\u00e9rencement, Consultant et formation","description":"","publisher":{"@id":"https:\/\/absolute-referencement.com\/french-seo-sea-sem-agency#organization"},"potentialAction":[{"@type":"SearchAction","target":{"@type":"EntryPoint","urlTemplate":"https:\/\/absolute-referencement.com\/french-seo-sea-sem-agency?s={search_term_string}"},"query-input":{"@type":"PropertyValueSpecification","valueRequired":true,"valueName":"search_term_string"}}],"inLanguage":"en-US"},{"@type":"Organization","@id":"https:\/\/absolute-referencement.com\/french-seo-sea-sem-agency#organization","name":"R\u00e9f\u00e9rencement naturel et payant Google Adwords : Absolute R\u00e9f\u00e9rencement, Consultant et formation","url":"https:\/\/absolute-referencement.com\/french-seo-sea-sem-agency","logo":{"@type":"ImageObject","inLanguage":"en-US","@id":"https:\/\/absolute-referencement.com\/french-seo-sea-sem-agency#\/schema\/logo\/image\/","url":"https:\/\/absolute-referencement.com\/wp-content\/uploads\/logo_absolute.png","contentUrl":"https:\/\/absolute-referencement.com\/wp-content\/uploads\/logo_absolute.png","width":250,"height":70,"caption":"R\u00e9f\u00e9rencement naturel et payant Google Adwords : Absolute R\u00e9f\u00e9rencement, Consultant et formation"},"image":{"@id":"https:\/\/absolute-referencement.com\/french-seo-sea-sem-agency#\/schema\/logo\/image\/"}}]}},"_links":{"self":[{"href":"https:\/\/absolute-referencement.com\/french-seo-sea-sem-agency\/wp-json\/wp\/v2\/pages\/17274","targetHints":{"allow":["GET"]}}],"collection":[{"href":"https:\/\/absolute-referencement.com\/french-seo-sea-sem-agency\/wp-json\/wp\/v2\/pages"}],"about":[{"href":"https:\/\/absolute-referencement.com\/french-seo-sea-sem-agency\/wp-json\/wp\/v2\/types\/page"}],"author":[{"embeddable":true,"href":"https:\/\/absolute-referencement.com\/french-seo-sea-sem-agency\/wp-json\/wp\/v2\/users\/1"}],"replies":[{"embeddable":true,"href":"https:\/\/absolute-referencement.com\/french-seo-sea-sem-agency\/wp-json\/wp\/v2\/comments?post=17274"}],"version-history":[{"count":4,"href":"https:\/\/absolute-referencement.com\/french-seo-sea-sem-agency\/wp-json\/wp\/v2\/pages\/17274\/revisions"}],"predecessor-version":[{"id":17776,"href":"https:\/\/absolute-referencement.com\/french-seo-sea-sem-agency\/wp-json\/wp\/v2\/pages\/17274\/revisions\/17776"}],"wp:attachment":[{"href":"https:\/\/absolute-referencement.com\/french-seo-sea-sem-agency\/wp-json\/wp\/v2\/media?parent=17274"}],"curies":[{"name":"wp","href":"https:\/\/api.w.org\/{rel}","templated":true}]}}