{"id":17276,"date":"2017-06-29T14:42:44","date_gmt":"2017-06-29T12:42:44","guid":{"rendered":"http:\/\/absolute-referencement.com\/redaction-de-contenu-web"},"modified":"2025-04-23T10:03:57","modified_gmt":"2025-04-23T08:03:57","slug":"web-content-writing","status":"publish","type":"page","link":"https:\/\/absolute-referencement.com\/french-seo-sea-sem-agency\/web-content-writing","title":{"rendered":"Web Content Writing"},"content":{"rendered":"<section class=\"wpb-content-wrapper\"><p>[vc_row][vc_column][vc_row_inner][vc_column_inner]<div class=\"dt-fancy-separator title-color\" style=\"width: 100%;\"><div class=\"dt-fancy-title\"><span class=\"separator-holder separator-left\"><\/span>Web Editor for the best content and SEO relevance<span class=\"separator-holder separator-right\"><\/span><\/div><\/div>[vc_empty_space height=&#8221;15px&#8221;][vc_column_text]<\/p>\n<h2>Content Writing<\/h2>\n<div id=\"attachment_14609\" style=\"width: 235px\" class=\"wp-caption alignright\"><img loading=\"lazy\" decoding=\"async\" aria-describedby=\"caption-attachment-14609\" class=\"alignnone size-full wp-image-15296\" src=\"https:\/\/absolute-referencement.com\/wp-content\/uploads\/redacteur-seo-referencement-naturel.jpeg\" alt=\"\" width=\"225\" height=\"225\" srcset=\"https:\/\/absolute-referencement.com\/wp-content\/uploads\/redacteur-seo-referencement-naturel.jpeg 225w, https:\/\/absolute-referencement.com\/wp-content\/uploads\/redacteur-seo-referencement-naturel-150x150.jpeg 150w\" sizes=\"auto, (max-width: 225px) 100vw, 225px\" \/><p id=\"caption-attachment-14609\" class=\"wp-caption-text\">Web Content Editor<\/p><\/div>\n<p>Our editorial team is led by a trained journalist. Using their experience and creativity, they offer varied, relevant content, bringing real added value to your website.<br \/>\nOur editorial department ensures both that individual articles are written for a specific section and that complete content pages are written to give your website more weight.<br \/>\nYour content is a real Webmarketing vector; indeed, the editorial aspect is essential since its quality has a very direct impact on your SEO performance, but well beyond that, Content Marketing will allow you to significantly improve the interest of Internet users, and as a result, your conversions.<\/p>\n<h3>Your editor: Semantics at the service of Content Marketing<\/h3>\n<p>[\/vc_column_text][\/vc_column_inner][\/vc_row_inner][\/vc_column][\/vc_row]<\/p>\n<\/section>","protected":false},"excerpt":{"rendered":"<p>[vc_row][vc_column][vc_row_inner][vc_column_inner][vc_empty_space height=&#8221;15px&#8221;][vc_column_text] Content Writing Our editorial team is led by a trained journalist. Using their experience and creativity, they offer varied, relevant content, bringing real added value to your website. Our editorial department ensures both that individual articles are written for a specific section and that complete content pages are written to give your website&hellip;<\/p>\n","protected":false},"author":1,"featured_media":0,"parent":0,"menu_order":0,"comment_status":"closed","ping_status":"closed","template":"","meta":[],"class_list":["post-17276","page","type-page","status-publish","hentry","description-off"],"yoast_head":"<!-- This site is optimized with the Yoast SEO plugin v25.0 - https:\/\/yoast.com\/wordpress\/plugins\/seo\/ -->\n<title>Content Writing Department: Absolute Referencement Agency<\/title>\n<meta name=\"description\" content=\"Our team of copywriters is led by a trained journalist. His experience and creativity enable us to offer relevant content that adds real value to your website.\" \/>\n<meta name=\"robots\" content=\"index, follow, max-snippet:-1, max-image-preview:large, max-video-preview:-1\" \/>\n<link rel=\"canonical\" href=\"https:\/\/absolute-referencement.com\/french-seo-sea-sem-agency\/web-content-writing\" \/>\n<meta property=\"og:locale\" content=\"en_US\" \/>\n<meta property=\"og:type\" content=\"article\" \/>\n<meta property=\"og:title\" content=\"Content Writing Department: Absolute Referencement Agency\" \/>\n<meta property=\"og:description\" content=\"Our team of copywriters is led by a trained journalist. His experience and creativity enable us to offer relevant content that adds real value to your website.\" \/>\n<meta property=\"og:url\" content=\"https:\/\/absolute-referencement.com\/french-seo-sea-sem-agency\/web-content-writing\" \/>\n<meta property=\"og:site_name\" content=\"R\u00e9f\u00e9rencement naturel SEO &amp; payant SEA Google Ads : Absolute R\u00e9f\u00e9rencement\" \/>\n<meta property=\"article:modified_time\" content=\"2025-04-23T08:03:57+00:00\" \/>\n<meta property=\"og:image\" content=\"https:\/\/absolute-referencement.com\/wp-content\/uploads\/redaction-de-contenu-web.jpeg\" \/>\n<meta name=\"twitter:card\" content=\"summary_large_image\" \/>\n<meta name=\"twitter:label1\" content=\"Est. reading time\" \/>\n\t<meta name=\"twitter:data1\" content=\"1 minute\" \/>\n<script type=\"application\/ld+json\" class=\"yoast-schema-graph\">{\"@context\":\"https:\/\/schema.org\",\"@graph\":[{\"@type\":\"WebPage\",\"@id\":\"https:\/\/absolute-referencement.com\/french-seo-sea-sem-agency\/web-content-writing\",\"url\":\"https:\/\/absolute-referencement.com\/french-seo-sea-sem-agency\/web-content-writing\",\"name\":\"Content Writing Department: Absolute Referencement Agency\",\"isPartOf\":{\"@id\":\"https:\/\/absolute-referencement.com\/french-seo-sea-sem-agency#website\"},\"primaryImageOfPage\":{\"@id\":\"https:\/\/absolute-referencement.com\/french-seo-sea-sem-agency\/web-content-writing#primaryimage\"},\"image\":{\"@id\":\"https:\/\/absolute-referencement.com\/french-seo-sea-sem-agency\/web-content-writing#primaryimage\"},\"thumbnailUrl\":\"https:\/\/absolute-referencement.com\/wp-content\/uploads\/redacteur-seo-referencement-naturel.jpeg\",\"datePublished\":\"2017-06-29T12:42:44+00:00\",\"dateModified\":\"2025-04-23T08:03:57+00:00\",\"description\":\"Our team of copywriters is led by a trained journalist. His experience and creativity enable us to offer relevant content that adds real value to your website.\",\"breadcrumb\":{\"@id\":\"https:\/\/absolute-referencement.com\/french-seo-sea-sem-agency\/web-content-writing#breadcrumb\"},\"inLanguage\":\"en-US\",\"potentialAction\":[{\"@type\":\"ReadAction\",\"target\":[\"https:\/\/absolute-referencement.com\/french-seo-sea-sem-agency\/web-content-writing\"]}]},{\"@type\":\"ImageObject\",\"inLanguage\":\"en-US\",\"@id\":\"https:\/\/absolute-referencement.com\/french-seo-sea-sem-agency\/web-content-writing#primaryimage\",\"url\":\"https:\/\/absolute-referencement.com\/wp-content\/uploads\/redacteur-seo-referencement-naturel.jpeg\",\"contentUrl\":\"https:\/\/absolute-referencement.com\/wp-content\/uploads\/redacteur-seo-referencement-naturel.jpeg\"},{\"@type\":\"BreadcrumbList\",\"@id\":\"https:\/\/absolute-referencement.com\/french-seo-sea-sem-agency\/web-content-writing#breadcrumb\",\"itemListElement\":[{\"@type\":\"ListItem\",\"position\":1,\"name\":\"Accueil\",\"item\":\"https:\/\/absolute-referencement.com\/french-seo-sea-sem-agency\/french-seo-sea-paid-search-agency-paris-france\"},{\"@type\":\"ListItem\",\"position\":2,\"name\":\"Web Content Writing\"}]},{\"@type\":\"WebSite\",\"@id\":\"https:\/\/absolute-referencement.com\/french-seo-sea-sem-agency#website\",\"url\":\"https:\/\/absolute-referencement.com\/french-seo-sea-sem-agency\",\"name\":\"R\u00e9f\u00e9rencement naturel et payant Google Adwords : Absolute R\u00e9f\u00e9rencement, Consultant et formation\",\"description\":\"\",\"publisher\":{\"@id\":\"https:\/\/absolute-referencement.com\/french-seo-sea-sem-agency#organization\"},\"potentialAction\":[{\"@type\":\"SearchAction\",\"target\":{\"@type\":\"EntryPoint\",\"urlTemplate\":\"https:\/\/absolute-referencement.com\/french-seo-sea-sem-agency?s={search_term_string}\"},\"query-input\":{\"@type\":\"PropertyValueSpecification\",\"valueRequired\":true,\"valueName\":\"search_term_string\"}}],\"inLanguage\":\"en-US\"},{\"@type\":\"Organization\",\"@id\":\"https:\/\/absolute-referencement.com\/french-seo-sea-sem-agency#organization\",\"name\":\"R\u00e9f\u00e9rencement naturel et payant Google Adwords : Absolute R\u00e9f\u00e9rencement, Consultant et formation\",\"url\":\"https:\/\/absolute-referencement.com\/french-seo-sea-sem-agency\",\"logo\":{\"@type\":\"ImageObject\",\"inLanguage\":\"en-US\",\"@id\":\"https:\/\/absolute-referencement.com\/french-seo-sea-sem-agency#\/schema\/logo\/image\/\",\"url\":\"https:\/\/absolute-referencement.com\/wp-content\/uploads\/logo_absolute.png\",\"contentUrl\":\"https:\/\/absolute-referencement.com\/wp-content\/uploads\/logo_absolute.png\",\"width\":250,\"height\":70,\"caption\":\"R\u00e9f\u00e9rencement naturel et payant Google Adwords : Absolute R\u00e9f\u00e9rencement, Consultant et formation\"},\"image\":{\"@id\":\"https:\/\/absolute-referencement.com\/french-seo-sea-sem-agency#\/schema\/logo\/image\/\"}}]}<\/script>\n<!-- \/ Yoast SEO plugin. -->","yoast_head_json":{"title":"Content Writing Department: Absolute Referencement Agency","description":"Our team of copywriters is led by a trained journalist. His experience and creativity enable us to offer relevant content that adds real value to your website.","robots":{"index":"index","follow":"follow","max-snippet":"max-snippet:-1","max-image-preview":"max-image-preview:large","max-video-preview":"max-video-preview:-1"},"canonical":"https:\/\/absolute-referencement.com\/french-seo-sea-sem-agency\/web-content-writing","og_locale":"en_US","og_type":"article","og_title":"Content Writing Department: Absolute Referencement Agency","og_description":"Our team of copywriters is led by a trained journalist. His experience and creativity enable us to offer relevant content that adds real value to your website.","og_url":"https:\/\/absolute-referencement.com\/french-seo-sea-sem-agency\/web-content-writing","og_site_name":"R\u00e9f\u00e9rencement naturel SEO &amp; payant SEA Google Ads : Absolute R\u00e9f\u00e9rencement","article_modified_time":"2025-04-23T08:03:57+00:00","og_image":[{"url":"https:\/\/absolute-referencement.com\/wp-content\/uploads\/redaction-de-contenu-web.jpeg","type":"","width":"","height":""}],"twitter_card":"summary_large_image","twitter_misc":{"Est. reading time":"1 minute"},"schema":{"@context":"https:\/\/schema.org","@graph":[{"@type":"WebPage","@id":"https:\/\/absolute-referencement.com\/french-seo-sea-sem-agency\/web-content-writing","url":"https:\/\/absolute-referencement.com\/french-seo-sea-sem-agency\/web-content-writing","name":"Content Writing Department: Absolute Referencement Agency","isPartOf":{"@id":"https:\/\/absolute-referencement.com\/french-seo-sea-sem-agency#website"},"primaryImageOfPage":{"@id":"https:\/\/absolute-referencement.com\/french-seo-sea-sem-agency\/web-content-writing#primaryimage"},"image":{"@id":"https:\/\/absolute-referencement.com\/french-seo-sea-sem-agency\/web-content-writing#primaryimage"},"thumbnailUrl":"https:\/\/absolute-referencement.com\/wp-content\/uploads\/redacteur-seo-referencement-naturel.jpeg","datePublished":"2017-06-29T12:42:44+00:00","dateModified":"2025-04-23T08:03:57+00:00","description":"Our team of copywriters is led by a trained journalist. His experience and creativity enable us to offer relevant content that adds real value to your website.","breadcrumb":{"@id":"https:\/\/absolute-referencement.com\/french-seo-sea-sem-agency\/web-content-writing#breadcrumb"},"inLanguage":"en-US","potentialAction":[{"@type":"ReadAction","target":["https:\/\/absolute-referencement.com\/french-seo-sea-sem-agency\/web-content-writing"]}]},{"@type":"ImageObject","inLanguage":"en-US","@id":"https:\/\/absolute-referencement.com\/french-seo-sea-sem-agency\/web-content-writing#primaryimage","url":"https:\/\/absolute-referencement.com\/wp-content\/uploads\/redacteur-seo-referencement-naturel.jpeg","contentUrl":"https:\/\/absolute-referencement.com\/wp-content\/uploads\/redacteur-seo-referencement-naturel.jpeg"},{"@type":"BreadcrumbList","@id":"https:\/\/absolute-referencement.com\/french-seo-sea-sem-agency\/web-content-writing#breadcrumb","itemListElement":[{"@type":"ListItem","position":1,"name":"Accueil","item":"https:\/\/absolute-referencement.com\/french-seo-sea-sem-agency\/french-seo-sea-paid-search-agency-paris-france"},{"@type":"ListItem","position":2,"name":"Web Content Writing"}]},{"@type":"WebSite","@id":"https:\/\/absolute-referencement.com\/french-seo-sea-sem-agency#website","url":"https:\/\/absolute-referencement.com\/french-seo-sea-sem-agency","name":"R\u00e9f\u00e9rencement naturel et payant Google Adwords : Absolute R\u00e9f\u00e9rencement, Consultant et formation","description":"","publisher":{"@id":"https:\/\/absolute-referencement.com\/french-seo-sea-sem-agency#organization"},"potentialAction":[{"@type":"SearchAction","target":{"@type":"EntryPoint","urlTemplate":"https:\/\/absolute-referencement.com\/french-seo-sea-sem-agency?s={search_term_string}"},"query-input":{"@type":"PropertyValueSpecification","valueRequired":true,"valueName":"search_term_string"}}],"inLanguage":"en-US"},{"@type":"Organization","@id":"https:\/\/absolute-referencement.com\/french-seo-sea-sem-agency#organization","name":"R\u00e9f\u00e9rencement naturel et payant Google Adwords : Absolute R\u00e9f\u00e9rencement, Consultant et formation","url":"https:\/\/absolute-referencement.com\/french-seo-sea-sem-agency","logo":{"@type":"ImageObject","inLanguage":"en-US","@id":"https:\/\/absolute-referencement.com\/french-seo-sea-sem-agency#\/schema\/logo\/image\/","url":"https:\/\/absolute-referencement.com\/wp-content\/uploads\/logo_absolute.png","contentUrl":"https:\/\/absolute-referencement.com\/wp-content\/uploads\/logo_absolute.png","width":250,"height":70,"caption":"R\u00e9f\u00e9rencement naturel et payant Google Adwords : Absolute R\u00e9f\u00e9rencement, Consultant et formation"},"image":{"@id":"https:\/\/absolute-referencement.com\/french-seo-sea-sem-agency#\/schema\/logo\/image\/"}}]}},"_links":{"self":[{"href":"https:\/\/absolute-referencement.com\/french-seo-sea-sem-agency\/wp-json\/wp\/v2\/pages\/17276","targetHints":{"allow":["GET"]}}],"collection":[{"href":"https:\/\/absolute-referencement.com\/french-seo-sea-sem-agency\/wp-json\/wp\/v2\/pages"}],"about":[{"href":"https:\/\/absolute-referencement.com\/french-seo-sea-sem-agency\/wp-json\/wp\/v2\/types\/page"}],"author":[{"embeddable":true,"href":"https:\/\/absolute-referencement.com\/french-seo-sea-sem-agency\/wp-json\/wp\/v2\/users\/1"}],"replies":[{"embeddable":true,"href":"https:\/\/absolute-referencement.com\/french-seo-sea-sem-agency\/wp-json\/wp\/v2\/comments?post=17276"}],"version-history":[{"count":4,"href":"https:\/\/absolute-referencement.com\/french-seo-sea-sem-agency\/wp-json\/wp\/v2\/pages\/17276\/revisions"}],"predecessor-version":[{"id":17574,"href":"https:\/\/absolute-referencement.com\/french-seo-sea-sem-agency\/wp-json\/wp\/v2\/pages\/17276\/revisions\/17574"}],"wp:attachment":[{"href":"https:\/\/absolute-referencement.com\/french-seo-sea-sem-agency\/wp-json\/wp\/v2\/media?parent=17276"}],"curies":[{"name":"wp","href":"https:\/\/api.w.org\/{rel}","templated":true}]}}