{"id":17278,"date":"2017-06-29T14:45:23","date_gmt":"2017-06-29T12:45:23","guid":{"rendered":"http:\/\/absolute-referencement.com\/analyse-veille-rapport-de-referencement"},"modified":"2025-04-23T09:59:37","modified_gmt":"2025-04-23T07:59:37","slug":"monitoring-department","status":"publish","type":"page","link":"https:\/\/absolute-referencement.com\/french-seo-sea-sem-agency\/monitoring-department","title":{"rendered":"Analysis and Monitoring Centre"},"content":{"rendered":"<section class=\"wpb-content-wrapper\"><p>[vc_row][vc_column][vc_row_inner][vc_column_inner]<div class=\"dt-fancy-separator title-color\" style=\"width: 100%;\"><div class=\"dt-fancy-title\"><span class=\"separator-holder separator-left\"><\/span>Strict monitoring of your development<span class=\"separator-holder separator-right\"><\/span><\/div><\/div>[vc_empty_space height=&#8221;15px&#8221;][vc_column_text]<\/p>\n<h2>Analysis, monitoring and reference reporting<\/h2>\n<div id=\"attachment_15294\" style=\"width: 250px\" class=\"wp-caption alignright\"><img loading=\"lazy\" decoding=\"async\" aria-describedby=\"caption-attachment-15294\" class=\"wp-image-15294 size-full\" src=\"https:\/\/absolute-referencement.com\/wp-content\/uploads\/analyse-veille-et-rapport-de-referencement.jpg\" alt=\"\" width=\"240\" height=\"245\" \/><p id=\"caption-attachment-15294\" class=\"wp-caption-text\">Tracking, monitoring and reporting SEO &#8211; SEA<\/p><\/div>\n<p>Our monitoring team monitors the performance of your SEO.<\/p>\n<p>Their twofold mission is :<\/p>\n<ul>\n<li>To watch out for any malfunction<\/li>\n<li>To draw up precise reports that will allow you to follow the evolution of your positioning and your traffic<br \/>\n.<\/li>\n<\/ul>\n<p>At the same time, we are at your disposal to comment, explain and analyse the development of your positioning as well as the data of your site thanks to the expertise of our Google Analytics specialists.<\/p>\n<h3>SEO analysis and follow-up: Follow your progress and ROI in real time<\/h3>\n<p>[\/vc_column_text][\/vc_column_inner][\/vc_row_inner][\/vc_column][\/vc_row]<\/p>\n<\/section>","protected":false},"excerpt":{"rendered":"<p>[vc_row][vc_column][vc_row_inner][vc_column_inner][vc_empty_space height=&#8221;15px&#8221;][vc_column_text] Analysis, monitoring and reference reporting Our monitoring team monitors the performance of your SEO. Their twofold mission is : To watch out for any malfunction To draw up precise reports that will allow you to follow the evolution of your positioning and your traffic . At the same time, we are at your&hellip;<\/p>\n","protected":false},"author":1,"featured_media":0,"parent":0,"menu_order":0,"comment_status":"closed","ping_status":"closed","template":"","meta":[],"class_list":["post-17278","page","type-page","status-publish","hentry","description-off"],"yoast_head":"<!-- This site is optimized with the Yoast SEO plugin v25.0 - https:\/\/yoast.com\/wordpress\/plugins\/seo\/ -->\n<title>Analysis, Monitoring &amp; Positioning Report: Absolute Referencement<\/title>\n<meta name=\"description\" content=\"Our monitoring team keeps a close eye on your SEO performance, to monitor any malfunctions and to draw up accurate reports.\" \/>\n<meta name=\"robots\" content=\"index, follow, max-snippet:-1, max-image-preview:large, max-video-preview:-1\" \/>\n<link rel=\"canonical\" href=\"https:\/\/absolute-referencement.com\/french-seo-sea-sem-agency\/monitoring-department\" \/>\n<meta property=\"og:locale\" content=\"en_US\" \/>\n<meta property=\"og:type\" content=\"article\" \/>\n<meta property=\"og:title\" content=\"Analysis, Monitoring &amp; Positioning Report: Absolute Referencement\" \/>\n<meta property=\"og:description\" content=\"Our monitoring team keeps a close eye on your SEO performance, to monitor any malfunctions and to draw up accurate reports.\" \/>\n<meta property=\"og:url\" content=\"https:\/\/absolute-referencement.com\/french-seo-sea-sem-agency\/monitoring-department\" \/>\n<meta property=\"og:site_name\" content=\"R\u00e9f\u00e9rencement naturel SEO &amp; payant SEA Google Ads : Absolute R\u00e9f\u00e9rencement\" \/>\n<meta property=\"article:modified_time\" content=\"2025-04-23T07:59:37+00:00\" \/>\n<meta property=\"og:image\" content=\"https:\/\/absolute-referencement.com\/wp-content\/uploads\/analyse-veille-rapport-referencement.jpg\" \/>\n<meta name=\"twitter:card\" content=\"summary_large_image\" \/>\n<meta name=\"twitter:label1\" content=\"Est. reading time\" \/>\n\t<meta name=\"twitter:data1\" content=\"1 minute\" \/>\n<script type=\"application\/ld+json\" class=\"yoast-schema-graph\">{\"@context\":\"https:\/\/schema.org\",\"@graph\":[{\"@type\":\"WebPage\",\"@id\":\"https:\/\/absolute-referencement.com\/french-seo-sea-sem-agency\/monitoring-department\",\"url\":\"https:\/\/absolute-referencement.com\/french-seo-sea-sem-agency\/monitoring-department\",\"name\":\"Analysis, Monitoring & Positioning Report: Absolute Referencement\",\"isPartOf\":{\"@id\":\"https:\/\/absolute-referencement.com\/french-seo-sea-sem-agency#website\"},\"primaryImageOfPage\":{\"@id\":\"https:\/\/absolute-referencement.com\/french-seo-sea-sem-agency\/monitoring-department#primaryimage\"},\"image\":{\"@id\":\"https:\/\/absolute-referencement.com\/french-seo-sea-sem-agency\/monitoring-department#primaryimage\"},\"thumbnailUrl\":\"https:\/\/absolute-referencement.com\/wp-content\/uploads\/analyse-veille-et-rapport-de-referencement.jpg\",\"datePublished\":\"2017-06-29T12:45:23+00:00\",\"dateModified\":\"2025-04-23T07:59:37+00:00\",\"description\":\"Our monitoring team keeps a close eye on your SEO performance, to monitor any malfunctions and to draw up accurate reports.\",\"breadcrumb\":{\"@id\":\"https:\/\/absolute-referencement.com\/french-seo-sea-sem-agency\/monitoring-department#breadcrumb\"},\"inLanguage\":\"en-US\",\"potentialAction\":[{\"@type\":\"ReadAction\",\"target\":[\"https:\/\/absolute-referencement.com\/french-seo-sea-sem-agency\/monitoring-department\"]}]},{\"@type\":\"ImageObject\",\"inLanguage\":\"en-US\",\"@id\":\"https:\/\/absolute-referencement.com\/french-seo-sea-sem-agency\/monitoring-department#primaryimage\",\"url\":\"https:\/\/absolute-referencement.com\/wp-content\/uploads\/analyse-veille-et-rapport-de-referencement.jpg\",\"contentUrl\":\"https:\/\/absolute-referencement.com\/wp-content\/uploads\/analyse-veille-et-rapport-de-referencement.jpg\"},{\"@type\":\"BreadcrumbList\",\"@id\":\"https:\/\/absolute-referencement.com\/french-seo-sea-sem-agency\/monitoring-department#breadcrumb\",\"itemListElement\":[{\"@type\":\"ListItem\",\"position\":1,\"name\":\"Accueil\",\"item\":\"https:\/\/absolute-referencement.com\/french-seo-sea-sem-agency\/french-seo-sea-paid-search-agency-paris-france\"},{\"@type\":\"ListItem\",\"position\":2,\"name\":\"Analysis and Monitoring Centre\"}]},{\"@type\":\"WebSite\",\"@id\":\"https:\/\/absolute-referencement.com\/french-seo-sea-sem-agency#website\",\"url\":\"https:\/\/absolute-referencement.com\/french-seo-sea-sem-agency\",\"name\":\"R\u00e9f\u00e9rencement naturel et payant Google Adwords : Absolute R\u00e9f\u00e9rencement, Consultant et formation\",\"description\":\"\",\"publisher\":{\"@id\":\"https:\/\/absolute-referencement.com\/french-seo-sea-sem-agency#organization\"},\"potentialAction\":[{\"@type\":\"SearchAction\",\"target\":{\"@type\":\"EntryPoint\",\"urlTemplate\":\"https:\/\/absolute-referencement.com\/french-seo-sea-sem-agency?s={search_term_string}\"},\"query-input\":{\"@type\":\"PropertyValueSpecification\",\"valueRequired\":true,\"valueName\":\"search_term_string\"}}],\"inLanguage\":\"en-US\"},{\"@type\":\"Organization\",\"@id\":\"https:\/\/absolute-referencement.com\/french-seo-sea-sem-agency#organization\",\"name\":\"R\u00e9f\u00e9rencement naturel et payant Google Adwords : Absolute R\u00e9f\u00e9rencement, Consultant et formation\",\"url\":\"https:\/\/absolute-referencement.com\/french-seo-sea-sem-agency\",\"logo\":{\"@type\":\"ImageObject\",\"inLanguage\":\"en-US\",\"@id\":\"https:\/\/absolute-referencement.com\/french-seo-sea-sem-agency#\/schema\/logo\/image\/\",\"url\":\"https:\/\/absolute-referencement.com\/wp-content\/uploads\/logo_absolute.png\",\"contentUrl\":\"https:\/\/absolute-referencement.com\/wp-content\/uploads\/logo_absolute.png\",\"width\":250,\"height\":70,\"caption\":\"R\u00e9f\u00e9rencement naturel et payant Google Adwords : Absolute R\u00e9f\u00e9rencement, Consultant et formation\"},\"image\":{\"@id\":\"https:\/\/absolute-referencement.com\/french-seo-sea-sem-agency#\/schema\/logo\/image\/\"}}]}<\/script>\n<!-- \/ Yoast SEO plugin. -->","yoast_head_json":{"title":"Analysis, Monitoring & Positioning Report: Absolute Referencement","description":"Our monitoring team keeps a close eye on your SEO performance, to monitor any malfunctions and to draw up accurate reports.","robots":{"index":"index","follow":"follow","max-snippet":"max-snippet:-1","max-image-preview":"max-image-preview:large","max-video-preview":"max-video-preview:-1"},"canonical":"https:\/\/absolute-referencement.com\/french-seo-sea-sem-agency\/monitoring-department","og_locale":"en_US","og_type":"article","og_title":"Analysis, Monitoring & Positioning Report: Absolute Referencement","og_description":"Our monitoring team keeps a close eye on your SEO performance, to monitor any malfunctions and to draw up accurate reports.","og_url":"https:\/\/absolute-referencement.com\/french-seo-sea-sem-agency\/monitoring-department","og_site_name":"R\u00e9f\u00e9rencement naturel SEO &amp; payant SEA Google Ads : Absolute R\u00e9f\u00e9rencement","article_modified_time":"2025-04-23T07:59:37+00:00","og_image":[{"url":"https:\/\/absolute-referencement.com\/wp-content\/uploads\/analyse-veille-rapport-referencement.jpg","type":"","width":"","height":""}],"twitter_card":"summary_large_image","twitter_misc":{"Est. reading time":"1 minute"},"schema":{"@context":"https:\/\/schema.org","@graph":[{"@type":"WebPage","@id":"https:\/\/absolute-referencement.com\/french-seo-sea-sem-agency\/monitoring-department","url":"https:\/\/absolute-referencement.com\/french-seo-sea-sem-agency\/monitoring-department","name":"Analysis, Monitoring & Positioning Report: Absolute Referencement","isPartOf":{"@id":"https:\/\/absolute-referencement.com\/french-seo-sea-sem-agency#website"},"primaryImageOfPage":{"@id":"https:\/\/absolute-referencement.com\/french-seo-sea-sem-agency\/monitoring-department#primaryimage"},"image":{"@id":"https:\/\/absolute-referencement.com\/french-seo-sea-sem-agency\/monitoring-department#primaryimage"},"thumbnailUrl":"https:\/\/absolute-referencement.com\/wp-content\/uploads\/analyse-veille-et-rapport-de-referencement.jpg","datePublished":"2017-06-29T12:45:23+00:00","dateModified":"2025-04-23T07:59:37+00:00","description":"Our monitoring team keeps a close eye on your SEO performance, to monitor any malfunctions and to draw up accurate reports.","breadcrumb":{"@id":"https:\/\/absolute-referencement.com\/french-seo-sea-sem-agency\/monitoring-department#breadcrumb"},"inLanguage":"en-US","potentialAction":[{"@type":"ReadAction","target":["https:\/\/absolute-referencement.com\/french-seo-sea-sem-agency\/monitoring-department"]}]},{"@type":"ImageObject","inLanguage":"en-US","@id":"https:\/\/absolute-referencement.com\/french-seo-sea-sem-agency\/monitoring-department#primaryimage","url":"https:\/\/absolute-referencement.com\/wp-content\/uploads\/analyse-veille-et-rapport-de-referencement.jpg","contentUrl":"https:\/\/absolute-referencement.com\/wp-content\/uploads\/analyse-veille-et-rapport-de-referencement.jpg"},{"@type":"BreadcrumbList","@id":"https:\/\/absolute-referencement.com\/french-seo-sea-sem-agency\/monitoring-department#breadcrumb","itemListElement":[{"@type":"ListItem","position":1,"name":"Accueil","item":"https:\/\/absolute-referencement.com\/french-seo-sea-sem-agency\/french-seo-sea-paid-search-agency-paris-france"},{"@type":"ListItem","position":2,"name":"Analysis and Monitoring Centre"}]},{"@type":"WebSite","@id":"https:\/\/absolute-referencement.com\/french-seo-sea-sem-agency#website","url":"https:\/\/absolute-referencement.com\/french-seo-sea-sem-agency","name":"R\u00e9f\u00e9rencement naturel et payant Google Adwords : Absolute R\u00e9f\u00e9rencement, Consultant et formation","description":"","publisher":{"@id":"https:\/\/absolute-referencement.com\/french-seo-sea-sem-agency#organization"},"potentialAction":[{"@type":"SearchAction","target":{"@type":"EntryPoint","urlTemplate":"https:\/\/absolute-referencement.com\/french-seo-sea-sem-agency?s={search_term_string}"},"query-input":{"@type":"PropertyValueSpecification","valueRequired":true,"valueName":"search_term_string"}}],"inLanguage":"en-US"},{"@type":"Organization","@id":"https:\/\/absolute-referencement.com\/french-seo-sea-sem-agency#organization","name":"R\u00e9f\u00e9rencement naturel et payant Google Adwords : Absolute R\u00e9f\u00e9rencement, Consultant et formation","url":"https:\/\/absolute-referencement.com\/french-seo-sea-sem-agency","logo":{"@type":"ImageObject","inLanguage":"en-US","@id":"https:\/\/absolute-referencement.com\/french-seo-sea-sem-agency#\/schema\/logo\/image\/","url":"https:\/\/absolute-referencement.com\/wp-content\/uploads\/logo_absolute.png","contentUrl":"https:\/\/absolute-referencement.com\/wp-content\/uploads\/logo_absolute.png","width":250,"height":70,"caption":"R\u00e9f\u00e9rencement naturel et payant Google Adwords : Absolute R\u00e9f\u00e9rencement, Consultant et formation"},"image":{"@id":"https:\/\/absolute-referencement.com\/french-seo-sea-sem-agency#\/schema\/logo\/image\/"}}]}},"_links":{"self":[{"href":"https:\/\/absolute-referencement.com\/french-seo-sea-sem-agency\/wp-json\/wp\/v2\/pages\/17278","targetHints":{"allow":["GET"]}}],"collection":[{"href":"https:\/\/absolute-referencement.com\/french-seo-sea-sem-agency\/wp-json\/wp\/v2\/pages"}],"about":[{"href":"https:\/\/absolute-referencement.com\/french-seo-sea-sem-agency\/wp-json\/wp\/v2\/types\/page"}],"author":[{"embeddable":true,"href":"https:\/\/absolute-referencement.com\/french-seo-sea-sem-agency\/wp-json\/wp\/v2\/users\/1"}],"replies":[{"embeddable":true,"href":"https:\/\/absolute-referencement.com\/french-seo-sea-sem-agency\/wp-json\/wp\/v2\/comments?post=17278"}],"version-history":[{"count":3,"href":"https:\/\/absolute-referencement.com\/french-seo-sea-sem-agency\/wp-json\/wp\/v2\/pages\/17278\/revisions"}],"predecessor-version":[{"id":17777,"href":"https:\/\/absolute-referencement.com\/french-seo-sea-sem-agency\/wp-json\/wp\/v2\/pages\/17278\/revisions\/17777"}],"wp:attachment":[{"href":"https:\/\/absolute-referencement.com\/french-seo-sea-sem-agency\/wp-json\/wp\/v2\/media?parent=17278"}],"curies":[{"name":"wp","href":"https:\/\/api.w.org\/{rel}","templated":true}]}}