{"id":17280,"date":"2014-03-18T18:44:31","date_gmt":"2014-03-18T17:44:31","guid":{"rendered":"http:\/\/absolute-referencement.com\/l-equipe-dirigeante"},"modified":"2025-04-24T00:07:35","modified_gmt":"2025-04-23T22:07:35","slug":"management-team","status":"publish","type":"page","link":"https:\/\/absolute-referencement.com\/french-seo-sea-sem-agency\/management-team","title":{"rendered":"Management team"},"content":{"rendered":"<section class=\"wpb-content-wrapper\"><p>[vc_row][vc_column][vc_row_inner][vc_column_inner][vc_single_image image=&#8221;14372&#8243; img_size=&#8221;300&#215;300&#8243; alignment=&#8221;center&#8221; style=&#8221;vc_box_rounded&#8221; image_hovers=&#8221;false&#8221; el_class=&#8221;img_rounded img_50_percent&#8221;][vc_column_text el_class=&#8221;colonne_center&#8221;]<\/p>\n<h3 class=\"team-author-name\">Jerome Souriau<\/h3>\n<p><strong>Bilingual French \/ English<\/strong><br \/>\nFounder and CEO of the agency Absolute R\u00e9f\u00e9rencement since 2001<br \/>\n1st prize in the Google Great Advertisers Contest<br \/>\nGoogle Partner<br \/>\nGoogle Ads Product Expert Diamond (9 PE Diamond in the world)<br \/>\n7 certifications: 5 Google Ads, Analytics &amp; Microsoft Yahoo! Bing<br \/>\nSEA and SEO Consultant<br \/>\nGoogle Adwords Trainer<br \/>\nSpeaker at Google Accelerate Events<br \/>\nCollaboration with legal practices in the context of Internet legal proceedings<br \/>\nLegal expert applicant[\/vc_column_text][vc_empty_space height=&#8221;50px&#8221;][\/vc_column_inner][\/vc_row_inner][\/vc_column][\/vc_row][vc_row][vc_column width=&#8221;1\/2&#8243;][vc_single_image image=&#8221;16322&#8243; img_size=&#8221;196&#215;196&#8243; alignment=&#8221;center&#8221; style=&#8221;vc_box_circle_2&#8243;][vc_column_text]<\/p>\n<div class=\"team-desc\">\n<div class=\"team-author\">\n<div class=\"team-author-name\" style=\"text-align: center;\">Kamel Malek<br \/>\nBilingual French \/ English<\/div>\n<\/div>\n<div class=\"team-content\">\n<p style=\"text-align: center;\">Award-winning SEO Consultant since 2002<br \/>\nSeLoger.com, Hyperassur, Accor Hotels, 3M, Yellow Pages, Carrefour, Daimler Chrysler, Soci\u00e9t\u00e9 G\u00e9n\u00e9rale, Ernst &amp; Young, Sage, Sony, Sagem<br \/>\nSEO trainer<\/p>\n<p style=\"text-align: center;\"><strong>Certifications :<\/strong><\/p>\n<p style=\"text-align: center;\">BrightEdge, Google Mobile Sites Certification, Search Ads 360, Digital sales certification, Campaign Manager, Google Analytics<\/p>\n<\/div>\n<\/div>\n<p>[\/vc_column_text][\/vc_column][vc_column width=&#8221;1\/2&#8243;][vc_single_image image=&#8221;14557&#8243; img_size=&#8221;196&#215;196&#8243; alignment=&#8221;center&#8221; style=&#8221;vc_box_circle_2&#8243;][vc_column_text css_animation=&#8221;lightSpeedIn&#8221;]<\/p>\n<div class=\"team-desc\">\n<div class=\"team-author\">\n<div class=\"team-author-name\" style=\"text-align: center;\">Sma\u00efne Cherfaoui<br \/>\nBilingual French \/ English<\/div>\n<\/div>\n<div class=\"team-content\">\n<p style=\"text-align: center;\">Google Ads PPC Expert<br \/>\n5 Google Adwords certifications<br \/>\n4 DoubleClick certifications<br \/>\nGoogle Analytics certification<br \/>\nGoogle Adwords Trainer<br \/>\nGoogle Analytics Trainer<\/p>\n<\/div>\n<\/div>\n<p>[\/vc_column_text][\/vc_column][\/vc_row][vc_row margin_top=&#8221;50&#8243; margin_bottom=&#8221;-20&#8243; css=&#8221;.vc_custom_1488552708914{margin-bottom: -20px !important;}&#8221; el_class=&#8221;invisible&#8221;][vc_column width=&#8221;2\/3&#8243;][vc_column_text]<\/p>\n<h3>We are looking for new team members<\/h3>\n<p>[\/vc_column_text][vc_empty_space height=&#8221;18px&#8221;][vc_tour interval=&#8221;0&#8243; style=&#8221;tab-style-three&#8221;][vc_tab title=&#8221;Web designer&#8221; tab_id=&#8221;1378898037-1-563a37-0e93&#8243;][vc_column_text]Nullam rutrum velit eget quam pretium vehicula. Maecenas enim velit, euismod eu tempor sit amet, dictum at est. In placerat fringilla. Nullam velit nulla laoreet consectetur lorem ut <span class=\"shortcode-tooltip\">lorem ipsum dolor<span class=\"tooltip-c\">Lorem rhoncus nisi rutrum velit nulla commodo sem, at egestas nulla metus vel sapien.<\/span><\/span> glavrida unicos amosac. Nullam rutrum velit eget quam pretium vehicula.<\/p>\n<p>Nullam porttitor odio non nunc laoreet ullamcorper pellent desque condimentum dignissim laoreet consectetur lorem, ut rhoncus nisi rutrum ac. Nullam rutrum velit eget quam pretium vehicula porttitor odio non nunc laoreet.<\/p>\n<div class=\"gap\" style=\"line-height: 10px; height: 10px;\"><\/div>\n<h5>Lorem ipsum dolor list:<\/h5>\n<div class=\"gap\" style=\"line-height: 10px; height: 10px;\"><\/div>\n<p><ol style=\"counter-reset: my-badass-counter 0;\" class=\"standard-number-list\"><li><p>Lorem euismod eu ipsum dolor sit consectetur adipiscing elit;<\/p>\n<\/li><li><p>Phasellus lacinia rhoncus iaculis eu tempor sit amet lorem;<\/p>\n<\/li><li><p>Wael nisl ideu tempor sit libero ornare venenatis et eu mauris;<\/p>\n<\/li><li><p>Lorem euismod eu tempor sit amet ipsum dolor adipiscing;<\/p>\n<\/li><\/ol>[\/vc_column_text][\/vc_tab][vc_tab title=&#8221;Photographer&#8221; tab_id=&#8221;1378898887808-3-83a37-0e93&#8243;][vc_column_text]Dolor ut mollis elit et vestibulum mattis integer aenean nulla, in vitae id augue vitae amet minim.\u00a0Lorem ipsum dolor sit amet, consectetur adipiscing elit. Curabitur quis rhoncus tellus, quis lorem ipsum tooltip luctus ligula. Curabitur laoreet fringilla portabibendum. Dolor ut mollis elit et vestibulum mattis integer aenean nulla, in vitae id augue vitae amet minim.<\/p>\n<p>Curabitur laoreet ipsum dolor sit amet, consectetur adipiscing elit ullam rutrum velit eget quam pretium vehicula. Maecenas enim velit, euismod eu tempor sit amet, dictum at est. In placerat fringilla bibendum.\u00a0Dolor ut mollis elit et vestibulum mattis integer aenean nulla, in vitae id augue vitae amet minim.<\/p>\n<p>\u041cestibulum mattis integer aenean nulla, in vitae id augue vitae amet minim.\u00a0Lorem ipsum dolor sit amet, consectetur adipiscing elit. Curabitur quis rhoncus tellus, quis lorem ipsum tooltip luctus ligula. Curabitur laoreet fringilla portabibendum. Dolor ut mollis elit et vestibulum mattis integer aenean nulla, in vitae id augue vitae amet minim.[\/vc_column_text][\/vc_tab][vc_tab title=&#8221;PHP Programmer&#8221; tab_id=&#8221;1378898730907-2-13a37-0e93&#8243;][vc_column_text]Aenean a tempus mauris. Quisque gravida turpis sit amet nulla posuere lacinia porttitor odio non nunc laoreet ullamcorper pellent desque condimentum dignissim. Nullam rutrum velit eget quam pretium vehicula. Lorem ipsum dolor sit amet, consectetur adipiscing elit. Donec iaculis justo at sapien ultricies laoreet. In viverra mauris vel mi blandit mattis. Aenean a tempus mauris. Curabitur laoreet fringilla porta. Proin dictum lacus at neque interdum consectetur adipiscing elit\u00a0tempor.<\/p>\n<p>Curabitur laoreet ipsum dolor sit amet dolor sito fralio iaculis justo quis rhoncus tellus, quis luctus ligula. Donec iaculis justo at sapien ultricies laoreet. Lorem quis rhoncus tellus, quis luctus ligula ipsum dolor sit amet, consectetur adipiscing elit. Curabitur quis rhoncus tellus, quis luctus ligula.<\/p>\n<p>Donec iaculis justo at sapien ultricies laoreet. In viverra mauris vel mi blandit mattis. Aenean a tempus mauris. Curabitur laoreet ipsum dolor sit amet, consectetur adipiscing elit ullam rutrum velit eget quam pretium vehicula. Maecenas enim velit, euismod eu tempor sit amet, dictum at est. In placerat fringilla bibendum.[\/vc_column_text][\/vc_tab][vc_tab title=&#8221;Account manager&#8221; tab_id=&#8221;1378898037-2-23a37-0e93&#8243;][vc_column_text]Aenean a tempus mauris. Quisque gravida turpis sit amet nulla posuere lacinia porttitor odio non nunc laoreet ullamcorper pellent desque condimentum dignissim. Nullam rutrum velit eget quam pretium vehicula. Lorem ipsum dolor sit amet, consectetur adipiscing elit. Donec iaculis justo at sapien ultricies laoreet. In viverra viverra mauris vel mi blandit mattis mauris vel mi blandit mattis. Aenean a quis rhoncus tellus, quis luctus ligula tempus mauris. Curabitur laoreet fringilla porta. Proin dictum lacus at neque interdum tempor. Donec iaculis justo at sapien ultricies laoreet. In viverra mauris vel mi blandit mattis. Aenean a tempus mauris. Curabitur laoreet fringilla porta. Proin dictum lacus at neque interdum tempor. Nullam rutrum velit eget quam pretium vehicula. Maecenas enim velit, euismod eu tempor sit amet, dictum at est. In placerat fringilla bibendum.<\/p>\n<p>Lorem ipsum dolor sit amet, consectetur adipiscing elit. Curabitur quis rhoncus tellus, quis luctus ligula. Curabitur laoreet fringilla porta. Proin dictum lacus at neque interdum tempor.Lorem ipsum dolor sit amet, consectetur adipiscing elit et vulputate pellentesque, velit nulla commodo sem, at egestas nulla metus vel sapien. Maecenas enim velit, euismod eu tempor.[\/vc_column_text][\/vc_tab][vc_tab title=&#8221;Marketing specialist&#8221; tab_id=&#8221;1378899301675-4-43a37-0e93&#8243;][vc_column_text]Aenean a tempus mauris. Quisque gravida turpis sit amet nulla posuere lacinia porttitor odio non nunc laoreet ullamcorper pellent desque condimentum dignissim. Nullam rutrum velit eget quam pretium vehicula. Lorem ipsum dolor sit amet, consectetur adipiscing elit. Donec iaculis justo at sapien ultricies laoreet. In viverra mauris vel mi blandit mattis. Aenean a tempus mauris. Curabitur laoreet fringilla porta.<\/p>\n<p>Curabitur laoreet ipsum dolor sit amet dolor sito fralio iaculis justo quis rhoncus tellus, quis luctus ligula. Donec iaculis justo at sapien ultricies laoreet. Lorem quis rhoncus tellus, quis luctus ligula ipsum dolor sit amet, consectetur adipiscing elit. Curabitur quis rhoncus tellus, quis luctus ligula.<\/p>\n<p>Donec iaculis justo at sapien ultricies laoreet. In viverra mauris vel mi blandit mattis. Aenean a tempus mauris. Curabitur laoreet ipsum dolor sit amet, consectetur adipiscing elit ullam rutrum velit eget quam pretium vehicula. Maecenas enim velit, euismod eu tempor sit amet, dictum at est. In placerat fringilla bibendum.[\/vc_column_text][\/vc_tab][\/vc_tour][vc_empty_space height=&#8221;50px&#8221;][\/vc_column][vc_column width=&#8221;1\/3&#8243;][vc_column_text]<\/p>\n<h3>Send us your SV!<\/h3>\n<p>[\/vc_column_text][vc_empty_space height=&#8221;24px&#8221;]<form class=\"contact-form dt-form\" action=\"\/\" method=\"post\">\n<input type=\"hidden\" name=\"widget_id\" value=\"presscore-contact-form-widget--1\" \/><input type=\"hidden\" name=\"send_message\" value=\"\" \/><div class=\"form-fields\"><span class=\"form-name\"><label class=\"assistive-text\">Name *<\/label><input type=\"text\" class=\"validate[required]\" placeholder=\"Name *\" name=\"name\" value=\"\" aria-required=\"true\">\n<\/span><span class=\"form-mail\"><label class=\"assistive-text\">E-mail *<\/label><input type=\"text\" class=\"validate[required,custom[email]]\" placeholder=\"E-mail *\" name=\"email\" value=\"\" aria-required=\"true\">\n<\/span><span class=\"form-telephone\"><label class=\"assistive-text\">Telephone<\/label><input type=\"text\" placeholder=\"Telephone\" name=\"telephone\" value=\"\" aria-required=\"false\">\n<\/span><\/div><span class=\"form-message\"><label class=\"assistive-text\">Message *<\/label><textarea class=\"validate[required]\" placeholder=\"Message *\" name=\"message\" rows=\"6\" aria-required=\"true\"><\/textarea>\n<\/span><p><a href=\"#\" class=\"dt-btn dt-btn-m dt-btn-submit\" rel=\"nofollow\"><span>Send SV<\/span><\/a><a href=\"#\" class=\"clear-form\" rel=\"nofollow\">clear<\/a><input class=\"assistive-text\" type=\"submit\" value=\"submit\"><\/p><\/form>\n[vc_empty_space height=&#8221;40px&#8221;][\/vc_column][\/vc_row]<\/p>\n<\/section>","protected":false},"excerpt":{"rendered":"<p>[vc_row][vc_column][vc_row_inner][vc_column_inner][vc_single_image image=&#8221;14372&#8243; img_size=&#8221;300&#215;300&#8243; alignment=&#8221;center&#8221; style=&#8221;vc_box_rounded&#8221; image_hovers=&#8221;false&#8221; el_class=&#8221;img_rounded img_50_percent&#8221;][vc_column_text el_class=&#8221;colonne_center&#8221;] Jerome Souriau Bilingual French \/ English Founder and CEO of the agency Absolute R\u00e9f\u00e9rencement since 2001 1st prize in the Google Great Advertisers Contest Google Partner Google Ads Product Expert Diamond (9 PE Diamond in the world) 7 certifications: 5 Google Ads, Analytics &amp; Microsoft Yahoo!&hellip;<\/p>\n","protected":false},"author":1,"featured_media":0,"parent":0,"menu_order":450,"comment_status":"closed","ping_status":"closed","template":"","meta":[],"class_list":["post-17280","page","type-page","status-publish","hentry","description-off"],"yoast_head":"<!-- This site is optimized with the Yoast SEO plugin v25.0 - https:\/\/yoast.com\/wordpress\/plugins\/seo\/ -->\n<title>A Recognised Management Team: Absolute Referencement Agency<\/title>\n<meta name=\"description\" content=\"Find out more about the careers of Absolute Referencement&#039;s managers, who are recognised for their expertise in their field.\" \/>\n<meta name=\"robots\" content=\"index, follow, max-snippet:-1, max-image-preview:large, max-video-preview:-1\" \/>\n<link rel=\"canonical\" href=\"https:\/\/absolute-referencement.com\/french-seo-sea-sem-agency\/management-team\" \/>\n<meta property=\"og:locale\" content=\"en_US\" \/>\n<meta property=\"og:type\" content=\"article\" \/>\n<meta property=\"og:title\" content=\"A Recognised Management Team: Absolute Referencement Agency\" \/>\n<meta property=\"og:description\" content=\"Find out more about the careers of Absolute Referencement&#039;s managers, who are recognised for their expertise in their field.\" \/>\n<meta property=\"og:url\" content=\"https:\/\/absolute-referencement.com\/french-seo-sea-sem-agency\/management-team\" \/>\n<meta property=\"og:site_name\" content=\"R\u00e9f\u00e9rencement naturel SEO &amp; payant SEA Google Ads : Absolute R\u00e9f\u00e9rencement\" \/>\n<meta property=\"article:modified_time\" content=\"2025-04-23T22:07:35+00:00\" \/>\n<meta property=\"og:image\" content=\"https:\/\/absolute-referencement.com\/wp-content\/uploads\/logo_absolute-referencement.jpg\" \/>\n<meta name=\"twitter:card\" content=\"summary_large_image\" \/>\n<meta name=\"twitter:label1\" content=\"Est. reading time\" \/>\n\t<meta name=\"twitter:data1\" content=\"6 minutes\" \/>\n<script type=\"application\/ld+json\" class=\"yoast-schema-graph\">{\"@context\":\"https:\/\/schema.org\",\"@graph\":[{\"@type\":\"WebPage\",\"@id\":\"https:\/\/absolute-referencement.com\/french-seo-sea-sem-agency\/management-team\",\"url\":\"https:\/\/absolute-referencement.com\/french-seo-sea-sem-agency\/management-team\",\"name\":\"A Recognised Management Team: Absolute Referencement Agency\",\"isPartOf\":{\"@id\":\"https:\/\/absolute-referencement.com\/french-seo-sea-sem-agency#website\"},\"datePublished\":\"2014-03-18T17:44:31+00:00\",\"dateModified\":\"2025-04-23T22:07:35+00:00\",\"description\":\"Find out more about the careers of Absolute Referencement's managers, who are recognised for their expertise in their field.\",\"breadcrumb\":{\"@id\":\"https:\/\/absolute-referencement.com\/french-seo-sea-sem-agency\/management-team#breadcrumb\"},\"inLanguage\":\"en-US\",\"potentialAction\":[{\"@type\":\"ReadAction\",\"target\":[\"https:\/\/absolute-referencement.com\/french-seo-sea-sem-agency\/management-team\"]}]},{\"@type\":\"BreadcrumbList\",\"@id\":\"https:\/\/absolute-referencement.com\/french-seo-sea-sem-agency\/management-team#breadcrumb\",\"itemListElement\":[{\"@type\":\"ListItem\",\"position\":1,\"name\":\"Accueil\",\"item\":\"https:\/\/absolute-referencement.com\/french-seo-sea-sem-agency\/french-seo-sea-paid-search-agency-paris-france\"},{\"@type\":\"ListItem\",\"position\":2,\"name\":\"Management team\"}]},{\"@type\":\"WebSite\",\"@id\":\"https:\/\/absolute-referencement.com\/french-seo-sea-sem-agency#website\",\"url\":\"https:\/\/absolute-referencement.com\/french-seo-sea-sem-agency\",\"name\":\"R\u00e9f\u00e9rencement naturel et payant Google Adwords : Absolute R\u00e9f\u00e9rencement, Consultant et formation\",\"description\":\"\",\"publisher\":{\"@id\":\"https:\/\/absolute-referencement.com\/french-seo-sea-sem-agency#organization\"},\"potentialAction\":[{\"@type\":\"SearchAction\",\"target\":{\"@type\":\"EntryPoint\",\"urlTemplate\":\"https:\/\/absolute-referencement.com\/french-seo-sea-sem-agency?s={search_term_string}\"},\"query-input\":{\"@type\":\"PropertyValueSpecification\",\"valueRequired\":true,\"valueName\":\"search_term_string\"}}],\"inLanguage\":\"en-US\"},{\"@type\":\"Organization\",\"@id\":\"https:\/\/absolute-referencement.com\/french-seo-sea-sem-agency#organization\",\"name\":\"R\u00e9f\u00e9rencement naturel et payant Google Adwords : Absolute R\u00e9f\u00e9rencement, Consultant et formation\",\"url\":\"https:\/\/absolute-referencement.com\/french-seo-sea-sem-agency\",\"logo\":{\"@type\":\"ImageObject\",\"inLanguage\":\"en-US\",\"@id\":\"https:\/\/absolute-referencement.com\/french-seo-sea-sem-agency#\/schema\/logo\/image\/\",\"url\":\"https:\/\/absolute-referencement.com\/wp-content\/uploads\/logo_absolute.png\",\"contentUrl\":\"https:\/\/absolute-referencement.com\/wp-content\/uploads\/logo_absolute.png\",\"width\":250,\"height\":70,\"caption\":\"R\u00e9f\u00e9rencement naturel et payant Google Adwords : Absolute R\u00e9f\u00e9rencement, Consultant et formation\"},\"image\":{\"@id\":\"https:\/\/absolute-referencement.com\/french-seo-sea-sem-agency#\/schema\/logo\/image\/\"}}]}<\/script>\n<!-- \/ Yoast SEO plugin. -->","yoast_head_json":{"title":"A Recognised Management Team: Absolute Referencement Agency","description":"Find out more about the careers of Absolute Referencement's managers, who are recognised for their expertise in their field.","robots":{"index":"index","follow":"follow","max-snippet":"max-snippet:-1","max-image-preview":"max-image-preview:large","max-video-preview":"max-video-preview:-1"},"canonical":"https:\/\/absolute-referencement.com\/french-seo-sea-sem-agency\/management-team","og_locale":"en_US","og_type":"article","og_title":"A Recognised Management Team: Absolute Referencement Agency","og_description":"Find out more about the careers of Absolute Referencement's managers, who are recognised for their expertise in their field.","og_url":"https:\/\/absolute-referencement.com\/french-seo-sea-sem-agency\/management-team","og_site_name":"R\u00e9f\u00e9rencement naturel SEO &amp; payant SEA Google Ads : Absolute R\u00e9f\u00e9rencement","article_modified_time":"2025-04-23T22:07:35+00:00","og_image":[{"url":"https:\/\/absolute-referencement.com\/wp-content\/uploads\/logo_absolute-referencement.jpg","type":"","width":"","height":""}],"twitter_card":"summary_large_image","twitter_misc":{"Est. reading time":"6 minutes"},"schema":{"@context":"https:\/\/schema.org","@graph":[{"@type":"WebPage","@id":"https:\/\/absolute-referencement.com\/french-seo-sea-sem-agency\/management-team","url":"https:\/\/absolute-referencement.com\/french-seo-sea-sem-agency\/management-team","name":"A Recognised Management Team: Absolute Referencement Agency","isPartOf":{"@id":"https:\/\/absolute-referencement.com\/french-seo-sea-sem-agency#website"},"datePublished":"2014-03-18T17:44:31+00:00","dateModified":"2025-04-23T22:07:35+00:00","description":"Find out more about the careers of Absolute Referencement's managers, who are recognised for their expertise in their field.","breadcrumb":{"@id":"https:\/\/absolute-referencement.com\/french-seo-sea-sem-agency\/management-team#breadcrumb"},"inLanguage":"en-US","potentialAction":[{"@type":"ReadAction","target":["https:\/\/absolute-referencement.com\/french-seo-sea-sem-agency\/management-team"]}]},{"@type":"BreadcrumbList","@id":"https:\/\/absolute-referencement.com\/french-seo-sea-sem-agency\/management-team#breadcrumb","itemListElement":[{"@type":"ListItem","position":1,"name":"Accueil","item":"https:\/\/absolute-referencement.com\/french-seo-sea-sem-agency\/french-seo-sea-paid-search-agency-paris-france"},{"@type":"ListItem","position":2,"name":"Management team"}]},{"@type":"WebSite","@id":"https:\/\/absolute-referencement.com\/french-seo-sea-sem-agency#website","url":"https:\/\/absolute-referencement.com\/french-seo-sea-sem-agency","name":"R\u00e9f\u00e9rencement naturel et payant Google Adwords : Absolute R\u00e9f\u00e9rencement, Consultant et formation","description":"","publisher":{"@id":"https:\/\/absolute-referencement.com\/french-seo-sea-sem-agency#organization"},"potentialAction":[{"@type":"SearchAction","target":{"@type":"EntryPoint","urlTemplate":"https:\/\/absolute-referencement.com\/french-seo-sea-sem-agency?s={search_term_string}"},"query-input":{"@type":"PropertyValueSpecification","valueRequired":true,"valueName":"search_term_string"}}],"inLanguage":"en-US"},{"@type":"Organization","@id":"https:\/\/absolute-referencement.com\/french-seo-sea-sem-agency#organization","name":"R\u00e9f\u00e9rencement naturel et payant Google Adwords : Absolute R\u00e9f\u00e9rencement, Consultant et formation","url":"https:\/\/absolute-referencement.com\/french-seo-sea-sem-agency","logo":{"@type":"ImageObject","inLanguage":"en-US","@id":"https:\/\/absolute-referencement.com\/french-seo-sea-sem-agency#\/schema\/logo\/image\/","url":"https:\/\/absolute-referencement.com\/wp-content\/uploads\/logo_absolute.png","contentUrl":"https:\/\/absolute-referencement.com\/wp-content\/uploads\/logo_absolute.png","width":250,"height":70,"caption":"R\u00e9f\u00e9rencement naturel et payant Google Adwords : Absolute R\u00e9f\u00e9rencement, Consultant et formation"},"image":{"@id":"https:\/\/absolute-referencement.com\/french-seo-sea-sem-agency#\/schema\/logo\/image\/"}}]}},"_links":{"self":[{"href":"https:\/\/absolute-referencement.com\/french-seo-sea-sem-agency\/wp-json\/wp\/v2\/pages\/17280","targetHints":{"allow":["GET"]}}],"collection":[{"href":"https:\/\/absolute-referencement.com\/french-seo-sea-sem-agency\/wp-json\/wp\/v2\/pages"}],"about":[{"href":"https:\/\/absolute-referencement.com\/french-seo-sea-sem-agency\/wp-json\/wp\/v2\/types\/page"}],"author":[{"embeddable":true,"href":"https:\/\/absolute-referencement.com\/french-seo-sea-sem-agency\/wp-json\/wp\/v2\/users\/1"}],"replies":[{"embeddable":true,"href":"https:\/\/absolute-referencement.com\/french-seo-sea-sem-agency\/wp-json\/wp\/v2\/comments?post=17280"}],"version-history":[{"count":20,"href":"https:\/\/absolute-referencement.com\/french-seo-sea-sem-agency\/wp-json\/wp\/v2\/pages\/17280\/revisions"}],"predecessor-version":[{"id":24399,"href":"https:\/\/absolute-referencement.com\/french-seo-sea-sem-agency\/wp-json\/wp\/v2\/pages\/17280\/revisions\/24399"}],"wp:attachment":[{"href":"https:\/\/absolute-referencement.com\/french-seo-sea-sem-agency\/wp-json\/wp\/v2\/media?parent=17280"}],"curies":[{"name":"wp","href":"https:\/\/api.w.org\/{rel}","templated":true}]}}